{"id":10233,"date":"2025-01-20T13:26:07","date_gmt":"2025-01-20T12:26:07","guid":{"rendered":"https:\/\/dev.shop.najstarejsatrta.si\/izdelki\/unkategorisiert\/verkostung-von-fuenf-weinen-gold-5\/"},"modified":"2025-01-20T13:26:07","modified_gmt":"2025-01-20T12:26:07","slug":"verkostung-von-fuenf-weinen-gold-5","status":"publish","type":"product","link":"https:\/\/dev.shop.najstarejsatrta.si\/de\/produkte\/weinverkostungspakete\/verkostung-von-fuenf-weinen-gold-5\/","title":{"rendered":"Verkostung von f\u00fcnf Weinen GOLD 5"},"content":{"rendered":"<p>Entdecken Sie das reiche Weinerbe der Weinbautradition Maribors bei einer Verkostung an der <strong>\u00c4ltesten Weinrebe<\/strong>. Die Verkostung umfasst<strong> 5 ausgew\u00e4hlte Proben gereiften Weins<\/strong>.<\/p>\n<p>Umgeben von Kunstwerken, die das reiche kulturelle Erbe der Region zum Ausdruck bringen, genie\u00dfen Sie die Weine an einem langen Verkostungstisch oder in gem\u00fctlichen Ecken, die f\u00fcr kleinere Gruppen und Einzelbesucher gestaltet sind.<\/p>\n<p>Erleben Sie Weine, die die reiche Vielfalt und hohe Qualit\u00e4t der lokalen Weinbauregionen widerspiegeln.<\/p>\n","protected":false},"excerpt":{"rendered":"<p>Entdecken Sie das reiche Weinerbe der Weinbautradition Maribors bei einer Verkostung an der \u00c4ltesten Weinrebe. Die Verkostung umfasst 5 ausgew\u00e4hlte Proben gereiften Weins. Umgeben von Kunstwerken, die das reiche kulturelle Erbe der Region zum Ausdruck bringen, genie\u00dfen Sie die Weine an einem langen Verkostungstisch oder in gem\u00fctlichen Ecken, die f\u00fcr kleinere Gruppen und Einzelbesucher gestaltet [&#8230;]\n","protected":false},"featured_media":10253,"comment_status":"open","ping_status":"closed","template":"","meta":{"_acf_changed":false},"product_brand":[],"product_cat":[1326],"product_tag":[],"class_list":{"0":"post-10233","1":"product","2":"type-product","3":"status-publish","4":"has-post-thumbnail","6":"product_cat-weinverkostungspakete","8":"first","9":"instock","10":"taxable","11":"shipping-taxable","12":"product-type-simple"},"acf":[],"yoast_head":"<!-- This site is optimized with the Yoast SEO plugin v24.3 - https:\/\/yoast.com\/wordpress\/plugins\/seo\/ -->\n<title>Verkostung von f\u00fcnf Weinen GOLD 5 - Die \u00e4lteste Rebe<\/title>\n<meta name=\"description\" content=\"Die Weinverkostung an der \u00c4ltesten Weinrebe umfasst f\u00fcnf Proben gereiften Weins, die die reiche Vielfalt und hohe Qualit\u00e4t der lokalen Weinbauregionen widerspiegeln.\" \/>\n<meta name=\"robots\" content=\"noindex, follow, max-snippet:-1, max-image-preview:large, max-video-preview:-1\" \/>\n<meta property=\"og:locale\" content=\"de_DE\" \/>\n<meta property=\"og:type\" content=\"article\" \/>\n<meta property=\"og:title\" content=\"Verkostung von f\u00fcnf Weinen GOLD 5 - Die \u00e4lteste Rebe\" \/>\n<meta property=\"og:description\" content=\"Die Weinverkostung an der \u00c4ltesten Weinrebe umfasst f\u00fcnf Proben gereiften Weins, die die reiche Vielfalt und hohe Qualit\u00e4t der lokalen Weinbauregionen widerspiegeln.\" \/>\n<meta property=\"og:url\" content=\"https:\/\/shop.aeltesteweinrebe.com\/produkte\/weinverkostungspakete\/verkostung-von-fuenf-weinen-gold-5\/\" \/>\n<meta property=\"og:site_name\" content=\"Die \u00e4lteste Rebe\" \/>\n<meta property=\"article:publisher\" content=\"https:\/\/www.facebook.com\/WorldsOldestVine\" \/>\n<meta property=\"og:image\" content=\"https:\/\/dev.shop.najstarejsatrta.si\/wp-content\/uploads\/2025\/01\/najstarejsa_trta_hisa_lent_mb_visit-maribor-pohorje-slovenia_foto_pigac_si6-scaled.jpg\" \/>\n\t<meta property=\"og:image:width\" content=\"2560\" \/>\n\t<meta property=\"og:image:height\" content=\"1707\" \/>\n\t<meta property=\"og:image:type\" content=\"image\/jpeg\" \/>\n<meta name=\"twitter:card\" content=\"summary_large_image\" \/>\n<script type=\"application\/ld+json\" class=\"yoast-schema-graph\">{\"@context\":\"https:\/\/schema.org\",\"@graph\":[{\"@type\":\"WebPage\",\"@id\":\"https:\/\/shop.aeltesteweinrebe.com\/produkte\/weinverkostungspakete\/verkostung-von-fuenf-weinen-gold-5\/\",\"url\":\"https:\/\/shop.aeltesteweinrebe.com\/produkte\/weinverkostungspakete\/verkostung-von-fuenf-weinen-gold-5\/\",\"name\":\"Verkostung von f\u00fcnf Weinen GOLD 5 - Die \u00e4lteste Rebe\",\"isPartOf\":{\"@id\":\"https:\/\/dev.shop.najstarejsatrta.si\/#website\"},\"primaryImageOfPage\":{\"@id\":\"https:\/\/shop.aeltesteweinrebe.com\/produkte\/weinverkostungspakete\/verkostung-von-fuenf-weinen-gold-5\/#primaryimage\"},\"image\":{\"@id\":\"https:\/\/shop.aeltesteweinrebe.com\/produkte\/weinverkostungspakete\/verkostung-von-fuenf-weinen-gold-5\/#primaryimage\"},\"thumbnailUrl\":\"https:\/\/dev.shop.najstarejsatrta.si\/wp-content\/uploads\/2025\/01\/Degustacije-petih-vin-v-Najstarejsi-Trti-Visit-Maribor-Pohorje-Slovenia-Klemen-Golob-NT2-2.jpg\",\"datePublished\":\"2025-01-20T12:26:07+00:00\",\"dateModified\":\"2025-01-20T12:26:07+00:00\",\"description\":\"Die Weinverkostung an der \u00c4ltesten Weinrebe umfasst f\u00fcnf Proben gereiften Weins, die die reiche Vielfalt und hohe Qualit\u00e4t der lokalen Weinbauregionen widerspiegeln.\",\"breadcrumb\":{\"@id\":\"https:\/\/shop.aeltesteweinrebe.com\/produkte\/weinverkostungspakete\/verkostung-von-fuenf-weinen-gold-5\/#breadcrumb\"},\"inLanguage\":\"de\",\"potentialAction\":[{\"@type\":\"ReadAction\",\"target\":[\"https:\/\/shop.aeltesteweinrebe.com\/produkte\/weinverkostungspakete\/verkostung-von-fuenf-weinen-gold-5\/\"]}]},{\"@type\":\"ImageObject\",\"inLanguage\":\"de\",\"@id\":\"https:\/\/shop.aeltesteweinrebe.com\/produkte\/weinverkostungspakete\/verkostung-von-fuenf-weinen-gold-5\/#primaryimage\",\"url\":\"https:\/\/dev.shop.najstarejsatrta.si\/wp-content\/uploads\/2025\/01\/Degustacije-petih-vin-v-Najstarejsi-Trti-Visit-Maribor-Pohorje-Slovenia-Klemen-Golob-NT2-2.jpg\",\"contentUrl\":\"https:\/\/dev.shop.najstarejsatrta.si\/wp-content\/uploads\/2025\/01\/Degustacije-petih-vin-v-Najstarejsi-Trti-Visit-Maribor-Pohorje-Slovenia-Klemen-Golob-NT2-2.jpg\",\"width\":1080,\"height\":1080},{\"@type\":\"BreadcrumbList\",\"@id\":\"https:\/\/shop.aeltesteweinrebe.com\/produkte\/weinverkostungspakete\/verkostung-von-fuenf-weinen-gold-5\/#breadcrumb\",\"itemListElement\":[{\"@type\":\"ListItem\",\"position\":1,\"name\":\"Domov\",\"item\":\"https:\/\/shop.aeltesteweinrebe.com\/\"},{\"@type\":\"ListItem\",\"position\":2,\"name\":\"Shop\",\"item\":\"https:\/\/dev.shop.najstarejsatrta.si\/trgovina\/\"},{\"@type\":\"ListItem\",\"position\":3,\"name\":\"Verkostung von f\u00fcnf Weinen GOLD 5\"}]},{\"@type\":\"WebSite\",\"@id\":\"https:\/\/dev.shop.najstarejsatrta.si\/#website\",\"url\":\"https:\/\/dev.shop.najstarejsatrta.si\/\",\"name\":\"Najstarej\u0161a trta\",\"description\":\"\",\"publisher\":{\"@id\":\"https:\/\/dev.shop.najstarejsatrta.si\/#organization\"},\"potentialAction\":[{\"@type\":\"SearchAction\",\"target\":{\"@type\":\"EntryPoint\",\"urlTemplate\":\"https:\/\/dev.shop.najstarejsatrta.si\/?s={search_term_string}\"},\"query-input\":{\"@type\":\"PropertyValueSpecification\",\"valueRequired\":true,\"valueName\":\"search_term_string\"}}],\"inLanguage\":\"de\"},{\"@type\":\"Organization\",\"@id\":\"https:\/\/dev.shop.najstarejsatrta.si\/#organization\",\"name\":\"Shop - Najstarej\u0161a trta\",\"url\":\"https:\/\/dev.shop.najstarejsatrta.si\/\",\"logo\":{\"@type\":\"ImageObject\",\"inLanguage\":\"de\",\"@id\":\"https:\/\/dev.shop.najstarejsatrta.si\/#\/schema\/logo\/image\/\",\"url\":\"https:\/\/dev.shop.najstarejsatrta.si\/wp-content\/uploads\/2024\/11\/logo-najstarejsa-trta-crn.png\",\"contentUrl\":\"https:\/\/dev.shop.najstarejsatrta.si\/wp-content\/uploads\/2024\/11\/logo-najstarejsa-trta-crn.png\",\"width\":446,\"height\":374,\"caption\":\"Shop - Najstarej\u0161a trta\"},\"image\":{\"@id\":\"https:\/\/dev.shop.najstarejsatrta.si\/#\/schema\/logo\/image\/\"},\"sameAs\":[\"https:\/\/www.facebook.com\/WorldsOldestVine\",\"https:\/\/www.instagram.com\/najstarejsatrta\/\"]}]}<\/script>\n<!-- \/ Yoast SEO plugin. -->","yoast_head_json":{"title":"Verkostung von f\u00fcnf Weinen GOLD 5 - Die \u00e4lteste Rebe","description":"Die Weinverkostung an der \u00c4ltesten Weinrebe umfasst f\u00fcnf Proben gereiften Weins, die die reiche Vielfalt und hohe Qualit\u00e4t der lokalen Weinbauregionen widerspiegeln.","robots":{"index":"noindex","follow":"follow","max-snippet":"max-snippet:-1","max-image-preview":"max-image-preview:large","max-video-preview":"max-video-preview:-1"},"og_locale":"de_DE","og_type":"article","og_title":"Verkostung von f\u00fcnf Weinen GOLD 5 - Die \u00e4lteste Rebe","og_description":"Die Weinverkostung an der \u00c4ltesten Weinrebe umfasst f\u00fcnf Proben gereiften Weins, die die reiche Vielfalt und hohe Qualit\u00e4t der lokalen Weinbauregionen widerspiegeln.","og_url":"https:\/\/shop.aeltesteweinrebe.com\/produkte\/weinverkostungspakete\/verkostung-von-fuenf-weinen-gold-5\/","og_site_name":"Die \u00e4lteste Rebe","article_publisher":"https:\/\/www.facebook.com\/WorldsOldestVine","og_image":[{"width":2560,"height":1707,"url":"https:\/\/dev.shop.najstarejsatrta.si\/wp-content\/uploads\/2025\/01\/najstarejsa_trta_hisa_lent_mb_visit-maribor-pohorje-slovenia_foto_pigac_si6-scaled.jpg","type":"image\/jpeg"}],"twitter_card":"summary_large_image","schema":{"@context":"https:\/\/schema.org","@graph":[{"@type":"WebPage","@id":"https:\/\/shop.aeltesteweinrebe.com\/produkte\/weinverkostungspakete\/verkostung-von-fuenf-weinen-gold-5\/","url":"https:\/\/shop.aeltesteweinrebe.com\/produkte\/weinverkostungspakete\/verkostung-von-fuenf-weinen-gold-5\/","name":"Verkostung von f\u00fcnf Weinen GOLD 5 - Die \u00e4lteste Rebe","isPartOf":{"@id":"https:\/\/dev.shop.najstarejsatrta.si\/#website"},"primaryImageOfPage":{"@id":"https:\/\/shop.aeltesteweinrebe.com\/produkte\/weinverkostungspakete\/verkostung-von-fuenf-weinen-gold-5\/#primaryimage"},"image":{"@id":"https:\/\/shop.aeltesteweinrebe.com\/produkte\/weinverkostungspakete\/verkostung-von-fuenf-weinen-gold-5\/#primaryimage"},"thumbnailUrl":"https:\/\/dev.shop.najstarejsatrta.si\/wp-content\/uploads\/2025\/01\/Degustacije-petih-vin-v-Najstarejsi-Trti-Visit-Maribor-Pohorje-Slovenia-Klemen-Golob-NT2-2.jpg","datePublished":"2025-01-20T12:26:07+00:00","dateModified":"2025-01-20T12:26:07+00:00","description":"Die Weinverkostung an der \u00c4ltesten Weinrebe umfasst f\u00fcnf Proben gereiften Weins, die die reiche Vielfalt und hohe Qualit\u00e4t der lokalen Weinbauregionen widerspiegeln.","breadcrumb":{"@id":"https:\/\/shop.aeltesteweinrebe.com\/produkte\/weinverkostungspakete\/verkostung-von-fuenf-weinen-gold-5\/#breadcrumb"},"inLanguage":"de","potentialAction":[{"@type":"ReadAction","target":["https:\/\/shop.aeltesteweinrebe.com\/produkte\/weinverkostungspakete\/verkostung-von-fuenf-weinen-gold-5\/"]}]},{"@type":"ImageObject","inLanguage":"de","@id":"https:\/\/shop.aeltesteweinrebe.com\/produkte\/weinverkostungspakete\/verkostung-von-fuenf-weinen-gold-5\/#primaryimage","url":"https:\/\/dev.shop.najstarejsatrta.si\/wp-content\/uploads\/2025\/01\/Degustacije-petih-vin-v-Najstarejsi-Trti-Visit-Maribor-Pohorje-Slovenia-Klemen-Golob-NT2-2.jpg","contentUrl":"https:\/\/dev.shop.najstarejsatrta.si\/wp-content\/uploads\/2025\/01\/Degustacije-petih-vin-v-Najstarejsi-Trti-Visit-Maribor-Pohorje-Slovenia-Klemen-Golob-NT2-2.jpg","width":1080,"height":1080},{"@type":"BreadcrumbList","@id":"https:\/\/shop.aeltesteweinrebe.com\/produkte\/weinverkostungspakete\/verkostung-von-fuenf-weinen-gold-5\/#breadcrumb","itemListElement":[{"@type":"ListItem","position":1,"name":"Domov","item":"https:\/\/shop.aeltesteweinrebe.com\/"},{"@type":"ListItem","position":2,"name":"Shop","item":"https:\/\/dev.shop.najstarejsatrta.si\/trgovina\/"},{"@type":"ListItem","position":3,"name":"Verkostung von f\u00fcnf Weinen GOLD 5"}]},{"@type":"WebSite","@id":"https:\/\/dev.shop.najstarejsatrta.si\/#website","url":"https:\/\/dev.shop.najstarejsatrta.si\/","name":"Najstarej\u0161a trta","description":"","publisher":{"@id":"https:\/\/dev.shop.najstarejsatrta.si\/#organization"},"potentialAction":[{"@type":"SearchAction","target":{"@type":"EntryPoint","urlTemplate":"https:\/\/dev.shop.najstarejsatrta.si\/?s={search_term_string}"},"query-input":{"@type":"PropertyValueSpecification","valueRequired":true,"valueName":"search_term_string"}}],"inLanguage":"de"},{"@type":"Organization","@id":"https:\/\/dev.shop.najstarejsatrta.si\/#organization","name":"Shop - Najstarej\u0161a trta","url":"https:\/\/dev.shop.najstarejsatrta.si\/","logo":{"@type":"ImageObject","inLanguage":"de","@id":"https:\/\/dev.shop.najstarejsatrta.si\/#\/schema\/logo\/image\/","url":"https:\/\/dev.shop.najstarejsatrta.si\/wp-content\/uploads\/2024\/11\/logo-najstarejsa-trta-crn.png","contentUrl":"https:\/\/dev.shop.najstarejsatrta.si\/wp-content\/uploads\/2024\/11\/logo-najstarejsa-trta-crn.png","width":446,"height":374,"caption":"Shop - Najstarej\u0161a trta"},"image":{"@id":"https:\/\/dev.shop.najstarejsatrta.si\/#\/schema\/logo\/image\/"},"sameAs":["https:\/\/www.facebook.com\/WorldsOldestVine","https:\/\/www.instagram.com\/najstarejsatrta\/"]}]}},"_links":{"self":[{"href":"https:\/\/dev.shop.najstarejsatrta.si\/de\/wp-json\/wp\/v2\/product\/10233","targetHints":{"allow":["GET"]}}],"collection":[{"href":"https:\/\/dev.shop.najstarejsatrta.si\/de\/wp-json\/wp\/v2\/product"}],"about":[{"href":"https:\/\/dev.shop.najstarejsatrta.si\/de\/wp-json\/wp\/v2\/types\/product"}],"replies":[{"embeddable":true,"href":"https:\/\/dev.shop.najstarejsatrta.si\/de\/wp-json\/wp\/v2\/comments?post=10233"}],"wp:featuredmedia":[{"embeddable":true,"href":"https:\/\/dev.shop.najstarejsatrta.si\/de\/wp-json\/wp\/v2\/media\/10253"}],"wp:attachment":[{"href":"https:\/\/dev.shop.najstarejsatrta.si\/de\/wp-json\/wp\/v2\/media?parent=10233"}],"wp:term":[{"taxonomy":"product_brand","embeddable":true,"href":"https:\/\/dev.shop.najstarejsatrta.si\/de\/wp-json\/wp\/v2\/product_brand?post=10233"},{"taxonomy":"product_cat","embeddable":true,"href":"https:\/\/dev.shop.najstarejsatrta.si\/de\/wp-json\/wp\/v2\/product_cat?post=10233"},{"taxonomy":"product_tag","embeddable":true,"href":"https:\/\/dev.shop.najstarejsatrta.si\/de\/wp-json\/wp\/v2\/product_tag?post=10233"}],"curies":[{"name":"wp","href":"https:\/\/api.w.org\/{rel}","templated":true}]}}