{"id":8482,"date":"2024-10-29T10:44:37","date_gmt":"2024-10-29T09:44:37","guid":{"rendered":"https:\/\/dev.shop.najstarejsatrta.si\/izdelki\/unkategorisiert\/rose-2\/"},"modified":"2024-12-09T09:35:55","modified_gmt":"2024-12-09T08:35:55","slug":"rose-3","status":"publish","type":"product","link":"https:\/\/dev.shop.najstarejsatrta.si\/de\/produkte\/weine\/rose-3\/","title":{"rendered":"Ros\u00e9"},"content":{"rendered":"<article class=\"w-full scroll-mb-[var(--thread-trailing-height,150px)] text-token-text-primary focus-visible:outline-2 focus-visible:outline-offset-[-4px]\" dir=\"auto\" data-testid=\"conversation-turn-118\" data-scroll-anchor=\"false\">\n<div class=\"m-auto text-base py-[18px] px-3 md:px-4 w-full md:px-5 lg:px-4 xl:px-5\">\n<div class=\"mx-auto flex flex-1 gap-4 text-base md:gap-5 lg:gap-6 md:max-w-3xl lg:max-w-[40rem] xl:max-w-[48rem]\">\n<div class=\"group\/conversation-turn relative flex w-full min-w-0 flex-col agent-turn\">\n<div class=\"flex-col gap-1 md:gap-3\">\n<div class=\"flex max-w-full flex-col flex-grow\">\n<div class=\"min-h-8 text-message flex w-full flex-col items-end gap-2 whitespace-normal break-words text-start [.text-message+&amp;]:mt-5\" dir=\"auto\" data-message-author-role=\"assistant\" data-message-id=\"58a7497d-3940-448b-af7c-a4ecdec54819\" data-message-model-slug=\"gpt-4o\">\n<div class=\"flex w-full flex-col gap-1 empty:hidden first:pt-[3px]\">\n<div class=\"markdown prose w-full break-words dark:prose-invert light\">\n<p>Ros\u00e9 aus Sp\u00e4tburgunder. Der Wein hat eine zarte lachsfarbene Farbe, ist frisch und sanft mit Aromen von roten Fr\u00fcchten, insbesondere Erdbeeren. Ein idealer Begleiter f\u00fcr den Sommer und leichte Sommergerichte.<\/p>\n<\/div>\n<\/div>\n<\/div>\n<\/div>\n<\/div>\n<\/div>\n<\/div>\n<\/div>\n<\/article>\n","protected":false},"excerpt":{"rendered":"<p>Ros\u00e9 aus Sp\u00e4tburgunder. Der Wein hat eine zarte lachsfarbene Farbe, ist frisch und sanft mit Aromen von roten Fr\u00fcchten, insbesondere Erdbeeren. Ein idealer Begleiter f\u00fcr den Sommer und leichte Sommergerichte.<\/p>\n","protected":false},"featured_media":4890,"comment_status":"open","ping_status":"closed","template":"","meta":{"_acf_changed":false},"product_brand":[],"product_cat":[1385],"product_tag":[],"class_list":{"0":"post-8482","1":"product","2":"type-product","3":"status-publish","4":"has-post-thumbnail","6":"product_cat-weine","7":"pa_barva-rosewein","8":"pa_okolis-steirisches-slowenien","9":"pa_ostanek-nepovretega-sladkorj-25-g-l-de","10":"pa_sladkorna-stopnja-trocken","11":"pa_sorta-spatburgunder","12":"pa_stopnja-alkohola-12-de-2","13":"pa_temperatura-za-serviranje-7c-bis-9c","14":"pa_ujemanje-s-hrano-leichte-gerichte-salate-roher-fisch-gegrilltes-weises-fleisch-leichter-kase","15":"pa_ujemanje-s-hrano-pikante-gerichte-asiatische-kuche-mexikanische-kuche","16":"pa_vinar-gaube-weine","17":"pa_volumen-075-l-de","18":"pa_zmoznost-staranja-nein","20":"first","21":"instock","22":"taxable","23":"shipping-taxable","24":"purchasable","25":"product-type-simple"},"acf":[],"yoast_head":"<!-- This site is optimized with the Yoast SEO plugin v24.3 - https:\/\/yoast.com\/wordpress\/plugins\/seo\/ -->\n<title>Ros\u00e9 - Die \u00e4lteste Rebe<\/title>\n<meta name=\"robots\" content=\"noindex, follow, max-snippet:-1, max-image-preview:large, max-video-preview:-1\" \/>\n<meta property=\"og:locale\" content=\"de_DE\" \/>\n<meta property=\"og:type\" content=\"article\" \/>\n<meta property=\"og:title\" content=\"Ros\u00e9 - Die \u00e4lteste Rebe\" \/>\n<meta property=\"og:description\" content=\"Ros\u00e9 aus Sp\u00e4tburgunder. Der Wein hat eine zarte lachsfarbene Farbe, ist frisch und sanft mit Aromen von roten Fr\u00fcchten, insbesondere Erdbeeren. Ein idealer Begleiter f\u00fcr den Sommer und leichte Sommergerichte.\" \/>\n<meta property=\"og:url\" content=\"https:\/\/shop.aeltesteweinrebe.com\/produkte\/weine\/rose-3\/\" \/>\n<meta property=\"og:site_name\" content=\"Die \u00e4lteste Rebe\" \/>\n<meta property=\"article:publisher\" content=\"https:\/\/www.facebook.com\/WorldsOldestVine\" \/>\n<meta property=\"article:modified_time\" content=\"2024-12-09T08:35:55+00:00\" \/>\n<meta property=\"og:image\" content=\"https:\/\/dev.shop.najstarejsatrta.si\/wp-content\/uploads\/2024\/10\/118-e1734087133270.jpg\" \/>\n\t<meta property=\"og:image:width\" content=\"1000\" \/>\n\t<meta property=\"og:image:height\" content=\"1500\" \/>\n\t<meta property=\"og:image:type\" content=\"image\/jpeg\" \/>\n<meta name=\"twitter:card\" content=\"summary_large_image\" \/>\n<script type=\"application\/ld+json\" class=\"yoast-schema-graph\">{\"@context\":\"https:\/\/schema.org\",\"@graph\":[{\"@type\":\"WebPage\",\"@id\":\"https:\/\/shop.aeltesteweinrebe.com\/produkte\/weine\/rose-3\/\",\"url\":\"https:\/\/shop.aeltesteweinrebe.com\/produkte\/weine\/rose-3\/\",\"name\":\"Ros\u00e9 - Die \u00e4lteste Rebe\",\"isPartOf\":{\"@id\":\"https:\/\/dev.shop.najstarejsatrta.si\/#website\"},\"primaryImageOfPage\":{\"@id\":\"https:\/\/shop.aeltesteweinrebe.com\/produkte\/weine\/rose-3\/#primaryimage\"},\"image\":{\"@id\":\"https:\/\/shop.aeltesteweinrebe.com\/produkte\/weine\/rose-3\/#primaryimage\"},\"thumbnailUrl\":\"https:\/\/dev.shop.najstarejsatrta.si\/wp-content\/uploads\/2024\/10\/118-e1734087133270.jpg\",\"datePublished\":\"2024-10-29T09:44:37+00:00\",\"dateModified\":\"2024-12-09T08:35:55+00:00\",\"breadcrumb\":{\"@id\":\"https:\/\/shop.aeltesteweinrebe.com\/produkte\/weine\/rose-3\/#breadcrumb\"},\"inLanguage\":\"de\",\"potentialAction\":[{\"@type\":\"ReadAction\",\"target\":[\"https:\/\/shop.aeltesteweinrebe.com\/produkte\/weine\/rose-3\/\"]}]},{\"@type\":\"ImageObject\",\"inLanguage\":\"de\",\"@id\":\"https:\/\/shop.aeltesteweinrebe.com\/produkte\/weine\/rose-3\/#primaryimage\",\"url\":\"https:\/\/dev.shop.najstarejsatrta.si\/wp-content\/uploads\/2024\/10\/118-e1734087133270.jpg\",\"contentUrl\":\"https:\/\/dev.shop.najstarejsatrta.si\/wp-content\/uploads\/2024\/10\/118-e1734087133270.jpg\",\"width\":1000,\"height\":1500},{\"@type\":\"BreadcrumbList\",\"@id\":\"https:\/\/shop.aeltesteweinrebe.com\/produkte\/weine\/rose-3\/#breadcrumb\",\"itemListElement\":[{\"@type\":\"ListItem\",\"position\":1,\"name\":\"Domov\",\"item\":\"https:\/\/shop.aeltesteweinrebe.com\/\"},{\"@type\":\"ListItem\",\"position\":2,\"name\":\"Shop\",\"item\":\"https:\/\/dev.shop.najstarejsatrta.si\/trgovina\/\"},{\"@type\":\"ListItem\",\"position\":3,\"name\":\"Ros\u00e9\"}]},{\"@type\":\"WebSite\",\"@id\":\"https:\/\/dev.shop.najstarejsatrta.si\/#website\",\"url\":\"https:\/\/dev.shop.najstarejsatrta.si\/\",\"name\":\"Najstarej\u0161a trta\",\"description\":\"\",\"publisher\":{\"@id\":\"https:\/\/dev.shop.najstarejsatrta.si\/#organization\"},\"potentialAction\":[{\"@type\":\"SearchAction\",\"target\":{\"@type\":\"EntryPoint\",\"urlTemplate\":\"https:\/\/dev.shop.najstarejsatrta.si\/?s={search_term_string}\"},\"query-input\":{\"@type\":\"PropertyValueSpecification\",\"valueRequired\":true,\"valueName\":\"search_term_string\"}}],\"inLanguage\":\"de\"},{\"@type\":\"Organization\",\"@id\":\"https:\/\/dev.shop.najstarejsatrta.si\/#organization\",\"name\":\"Shop - Najstarej\u0161a trta\",\"url\":\"https:\/\/dev.shop.najstarejsatrta.si\/\",\"logo\":{\"@type\":\"ImageObject\",\"inLanguage\":\"de\",\"@id\":\"https:\/\/dev.shop.najstarejsatrta.si\/#\/schema\/logo\/image\/\",\"url\":\"https:\/\/dev.shop.najstarejsatrta.si\/wp-content\/uploads\/2024\/11\/logo-najstarejsa-trta-crn.png\",\"contentUrl\":\"https:\/\/dev.shop.najstarejsatrta.si\/wp-content\/uploads\/2024\/11\/logo-najstarejsa-trta-crn.png\",\"width\":446,\"height\":374,\"caption\":\"Shop - Najstarej\u0161a trta\"},\"image\":{\"@id\":\"https:\/\/dev.shop.najstarejsatrta.si\/#\/schema\/logo\/image\/\"},\"sameAs\":[\"https:\/\/www.facebook.com\/WorldsOldestVine\",\"https:\/\/www.instagram.com\/najstarejsatrta\/\"]}]}<\/script>\n<!-- \/ Yoast SEO plugin. -->","yoast_head_json":{"title":"Ros\u00e9 - Die \u00e4lteste Rebe","robots":{"index":"noindex","follow":"follow","max-snippet":"max-snippet:-1","max-image-preview":"max-image-preview:large","max-video-preview":"max-video-preview:-1"},"og_locale":"de_DE","og_type":"article","og_title":"Ros\u00e9 - Die \u00e4lteste Rebe","og_description":"Ros\u00e9 aus Sp\u00e4tburgunder. Der Wein hat eine zarte lachsfarbene Farbe, ist frisch und sanft mit Aromen von roten Fr\u00fcchten, insbesondere Erdbeeren. Ein idealer Begleiter f\u00fcr den Sommer und leichte Sommergerichte.","og_url":"https:\/\/shop.aeltesteweinrebe.com\/produkte\/weine\/rose-3\/","og_site_name":"Die \u00e4lteste Rebe","article_publisher":"https:\/\/www.facebook.com\/WorldsOldestVine","article_modified_time":"2024-12-09T08:35:55+00:00","og_image":[{"width":1000,"height":1500,"url":"https:\/\/dev.shop.najstarejsatrta.si\/wp-content\/uploads\/2024\/10\/118-e1734087133270.jpg","type":"image\/jpeg"}],"twitter_card":"summary_large_image","schema":{"@context":"https:\/\/schema.org","@graph":[{"@type":"WebPage","@id":"https:\/\/shop.aeltesteweinrebe.com\/produkte\/weine\/rose-3\/","url":"https:\/\/shop.aeltesteweinrebe.com\/produkte\/weine\/rose-3\/","name":"Ros\u00e9 - Die \u00e4lteste Rebe","isPartOf":{"@id":"https:\/\/dev.shop.najstarejsatrta.si\/#website"},"primaryImageOfPage":{"@id":"https:\/\/shop.aeltesteweinrebe.com\/produkte\/weine\/rose-3\/#primaryimage"},"image":{"@id":"https:\/\/shop.aeltesteweinrebe.com\/produkte\/weine\/rose-3\/#primaryimage"},"thumbnailUrl":"https:\/\/dev.shop.najstarejsatrta.si\/wp-content\/uploads\/2024\/10\/118-e1734087133270.jpg","datePublished":"2024-10-29T09:44:37+00:00","dateModified":"2024-12-09T08:35:55+00:00","breadcrumb":{"@id":"https:\/\/shop.aeltesteweinrebe.com\/produkte\/weine\/rose-3\/#breadcrumb"},"inLanguage":"de","potentialAction":[{"@type":"ReadAction","target":["https:\/\/shop.aeltesteweinrebe.com\/produkte\/weine\/rose-3\/"]}]},{"@type":"ImageObject","inLanguage":"de","@id":"https:\/\/shop.aeltesteweinrebe.com\/produkte\/weine\/rose-3\/#primaryimage","url":"https:\/\/dev.shop.najstarejsatrta.si\/wp-content\/uploads\/2024\/10\/118-e1734087133270.jpg","contentUrl":"https:\/\/dev.shop.najstarejsatrta.si\/wp-content\/uploads\/2024\/10\/118-e1734087133270.jpg","width":1000,"height":1500},{"@type":"BreadcrumbList","@id":"https:\/\/shop.aeltesteweinrebe.com\/produkte\/weine\/rose-3\/#breadcrumb","itemListElement":[{"@type":"ListItem","position":1,"name":"Domov","item":"https:\/\/shop.aeltesteweinrebe.com\/"},{"@type":"ListItem","position":2,"name":"Shop","item":"https:\/\/dev.shop.najstarejsatrta.si\/trgovina\/"},{"@type":"ListItem","position":3,"name":"Ros\u00e9"}]},{"@type":"WebSite","@id":"https:\/\/dev.shop.najstarejsatrta.si\/#website","url":"https:\/\/dev.shop.najstarejsatrta.si\/","name":"Najstarej\u0161a trta","description":"","publisher":{"@id":"https:\/\/dev.shop.najstarejsatrta.si\/#organization"},"potentialAction":[{"@type":"SearchAction","target":{"@type":"EntryPoint","urlTemplate":"https:\/\/dev.shop.najstarejsatrta.si\/?s={search_term_string}"},"query-input":{"@type":"PropertyValueSpecification","valueRequired":true,"valueName":"search_term_string"}}],"inLanguage":"de"},{"@type":"Organization","@id":"https:\/\/dev.shop.najstarejsatrta.si\/#organization","name":"Shop - Najstarej\u0161a trta","url":"https:\/\/dev.shop.najstarejsatrta.si\/","logo":{"@type":"ImageObject","inLanguage":"de","@id":"https:\/\/dev.shop.najstarejsatrta.si\/#\/schema\/logo\/image\/","url":"https:\/\/dev.shop.najstarejsatrta.si\/wp-content\/uploads\/2024\/11\/logo-najstarejsa-trta-crn.png","contentUrl":"https:\/\/dev.shop.najstarejsatrta.si\/wp-content\/uploads\/2024\/11\/logo-najstarejsa-trta-crn.png","width":446,"height":374,"caption":"Shop - Najstarej\u0161a trta"},"image":{"@id":"https:\/\/dev.shop.najstarejsatrta.si\/#\/schema\/logo\/image\/"},"sameAs":["https:\/\/www.facebook.com\/WorldsOldestVine","https:\/\/www.instagram.com\/najstarejsatrta\/"]}]}},"_links":{"self":[{"href":"https:\/\/dev.shop.najstarejsatrta.si\/de\/wp-json\/wp\/v2\/product\/8482","targetHints":{"allow":["GET"]}}],"collection":[{"href":"https:\/\/dev.shop.najstarejsatrta.si\/de\/wp-json\/wp\/v2\/product"}],"about":[{"href":"https:\/\/dev.shop.najstarejsatrta.si\/de\/wp-json\/wp\/v2\/types\/product"}],"replies":[{"embeddable":true,"href":"https:\/\/dev.shop.najstarejsatrta.si\/de\/wp-json\/wp\/v2\/comments?post=8482"}],"wp:featuredmedia":[{"embeddable":true,"href":"https:\/\/dev.shop.najstarejsatrta.si\/de\/wp-json\/wp\/v2\/media\/4890"}],"wp:attachment":[{"href":"https:\/\/dev.shop.najstarejsatrta.si\/de\/wp-json\/wp\/v2\/media?parent=8482"}],"wp:term":[{"taxonomy":"product_brand","embeddable":true,"href":"https:\/\/dev.shop.najstarejsatrta.si\/de\/wp-json\/wp\/v2\/product_brand?post=8482"},{"taxonomy":"product_cat","embeddable":true,"href":"https:\/\/dev.shop.najstarejsatrta.si\/de\/wp-json\/wp\/v2\/product_cat?post=8482"},{"taxonomy":"product_tag","embeddable":true,"href":"https:\/\/dev.shop.najstarejsatrta.si\/de\/wp-json\/wp\/v2\/product_tag?post=8482"}],"curies":[{"name":"wp","href":"https:\/\/api.w.org\/{rel}","templated":true}]}}