{"id":8495,"date":"2024-10-29T10:44:43","date_gmt":"2024-10-29T09:44:43","guid":{"rendered":"https:\/\/dev.shop.najstarejsatrta.si\/izdelki\/unkategorisiert\/traminer-auslese\/"},"modified":"2024-12-09T12:45:43","modified_gmt":"2024-12-09T11:45:43","slug":"traminer-auslese","status":"publish","type":"product","link":"https:\/\/dev.shop.najstarejsatrta.si\/de\/produkte\/weine\/traminer-auslese\/","title":{"rendered":"Traminer &#8211; Auslese"},"content":{"rendered":"<div class=\"flex-1 overflow-hidden @container\/thread\">\n<div class=\"h-full\">\n<div class=\"react-scroll-to-bottom--css-ndmfi-79elbk h-full\">\n<div class=\"react-scroll-to-bottom--css-ndmfi-1n7m0yu\">\n<div class=\"flex flex-col text-sm md:pb-9\">\n<article class=\"w-full scroll-mb-[var(--thread-trailing-height,150px)] text-token-text-primary focus-visible:outline-2 focus-visible:outline-offset-[-4px]\" dir=\"auto\" data-testid=\"conversation-turn-35\" data-scroll-anchor=\"true\">\n<div class=\"m-auto text-base py-[18px] px-3 md:px-4 w-full md:px-5 lg:px-4 xl:px-5\">\n<div class=\"mx-auto flex flex-1 gap-4 text-base md:gap-5 lg:gap-6 md:max-w-3xl lg:max-w-[40rem] xl:max-w-[48rem]\">\n<div class=\"group\/conversation-turn relative flex w-full min-w-0 flex-col agent-turn\">\n<div class=\"flex-col gap-1 md:gap-3\">\n<div class=\"flex max-w-full flex-col flex-grow\">\n<div class=\"min-h-8 text-message flex w-full flex-col items-end gap-2 whitespace-normal break-words text-start [.text-message+&amp;]:mt-5\" dir=\"auto\" data-message-author-role=\"assistant\" data-message-id=\"722b89f4-98d0-4523-b243-a207612ed088\" data-message-model-slug=\"gpt-4o\">\n<div class=\"flex w-full flex-col gap-1 empty:hidden first:pt-[3px]\">\n<div class=\"markdown prose w-full break-words dark:prose-invert light\">\n<p>Der Wein ist ausgesprochen vollmundig, mit einem ausgepr\u00e4gten Rosenduft, der f\u00fcr diese Sorte typisch ist. Er besitzt eine ausgewogene S\u00e4ure, die sich gut mit dem Zucker erg\u00e4nzt und einen wunderbaren Nachgeschmack im Mund erzeugt.<\/p>\n<\/div>\n<\/div>\n<\/div>\n<\/div>\n<\/div>\n<\/div>\n<\/div>\n<\/div>\n<\/article>\n<\/div>\n<\/div>\n<\/div>\n<\/div>\n<\/div>\n","protected":false},"excerpt":{"rendered":"<div class=\"flex-1 overflow-hidden @container\/thread\">\n<div class=\"h-full\">\n<div class=\"react-scroll-to-bottom--css-ndmfi-79elbk h-full\">\n<div class=\"react-scroll-to-bottom--css-ndmfi-1n7m0yu\">\n<div class=\"flex flex-col text-sm md:pb-9\">\n<article class=\"w-full scroll-mb-[var(--thread-trailing-height,150px)] text-token-text-primary focus-visible:outline-2 focus-visible:outline-offset-[-4px]\" dir=\"auto\" data-testid=\"conversation-turn-37\" data-scroll-anchor=\"true\">\n<div class=\"m-auto text-base py-[18px] px-3 md:px-4 w-full md:px-5 lg:px-4 xl:px-5\">\n<div class=\"mx-auto flex flex-1 gap-4 text-base md:gap-5 lg:gap-6 md:max-w-3xl lg:max-w-[40rem] xl:max-w-[48rem]\">\n<div class=\"group\/conversation-turn relative flex w-full min-w-0 flex-col agent-turn\">\n<div class=\"flex-col gap-1 md:gap-3\">\n<div class=\"flex max-w-full flex-col flex-grow\">\n<div class=\"min-h-8 text-message flex w-full flex-col items-end gap-2 whitespace-normal break-words text-start [.text-message+&amp;]:mt-5\" dir=\"auto\" data-message-author-role=\"assistant\" data-message-id=\"f3cca881-cb3c-4329-a669-2eda222e3978\" data-message-model-slug=\"gpt-4o\">\n<div class=\"flex w-full flex-col gap-1 empty:hidden first:pt-[3px]\">\n<div class=\"markdown prose w-full break-words dark:prose-invert light\">\n<p>Goldgelb in der Farbe, erinnert das opulente Bouquet an Litschi, Rose und Zimt.<\/p>\n<\/div>\n<\/div>\n<\/div>\n<\/div>\n<\/div>\n<\/div>\n<\/div>\n<\/div>\n<\/article>\n<\/div>\n<\/div>\n<\/div>\n<\/div>\n<\/div>\n","protected":false},"featured_media":5829,"comment_status":"open","ping_status":"closed","template":"","meta":{"_acf_changed":false},"product_brand":[],"product_cat":[1385],"product_tag":[],"class_list":{"0":"post-8495","1":"product","2":"type-product","3":"status-publish","4":"has-post-thumbnail","6":"product_cat-weine","7":"pa_barva-weis","8":"pa_kislina-518-g-l-de","9":"pa_letnik-2021-de","10":"pa_nagrada-great-american-silber","11":"pa_okolis-steirisches-slowenien","12":"pa_ostanek-nepovretega-sladkorj-113-g-l-de","13":"pa_sladkorna-stopnja-suess","14":"pa_sorta-gewurztraminer-de","15":"pa_stevilo-pridelanih-steklenic-1400-de","16":"pa_stil-stillwein","17":"pa_stopnja-alkohola-11-de-2","18":"pa_temperatura-za-serviranje-12c-bis-15c","19":"pa_vinar-jamnik-weine","20":"pa_volumen-05-l-de","21":"pa_zmoznost-staranja-ja","23":"first","24":"instock","25":"taxable","26":"shipping-taxable","27":"purchasable","28":"product-type-simple"},"acf":[],"yoast_head":"<!-- This site is optimized with the Yoast SEO plugin v24.3 - https:\/\/yoast.com\/wordpress\/plugins\/seo\/ -->\n<title>Traminer - Auslese - Die \u00e4lteste Rebe<\/title>\n<meta name=\"robots\" content=\"noindex, follow, max-snippet:-1, max-image-preview:large, max-video-preview:-1\" \/>\n<meta property=\"og:locale\" content=\"de_DE\" \/>\n<meta property=\"og:type\" content=\"article\" \/>\n<meta property=\"og:title\" content=\"Traminer - Auslese - Die \u00e4lteste Rebe\" \/>\n<meta property=\"og:description\" content=\"Goldgelb in der Farbe, erinnert das opulente Bouquet an Litschi, Rose und Zimt.\" \/>\n<meta property=\"og:url\" content=\"https:\/\/shop.aeltesteweinrebe.com\/produkte\/weine\/traminer-auslese\/\" \/>\n<meta property=\"og:site_name\" content=\"Die \u00e4lteste Rebe\" \/>\n<meta property=\"article:publisher\" content=\"https:\/\/www.facebook.com\/WorldsOldestVine\" \/>\n<meta property=\"article:modified_time\" content=\"2024-12-09T11:45:43+00:00\" \/>\n<meta property=\"og:image\" content=\"https:\/\/dev.shop.najstarejsatrta.si\/wp-content\/uploads\/2024\/10\/1753-scaled.jpg\" \/>\n\t<meta property=\"og:image:width\" content=\"1707\" \/>\n\t<meta property=\"og:image:height\" content=\"2560\" \/>\n\t<meta property=\"og:image:type\" content=\"image\/jpeg\" \/>\n<meta name=\"twitter:card\" content=\"summary_large_image\" \/>\n<script type=\"application\/ld+json\" class=\"yoast-schema-graph\">{\"@context\":\"https:\/\/schema.org\",\"@graph\":[{\"@type\":\"WebPage\",\"@id\":\"https:\/\/shop.aeltesteweinrebe.com\/produkte\/weine\/traminer-auslese\/\",\"url\":\"https:\/\/shop.aeltesteweinrebe.com\/produkte\/weine\/traminer-auslese\/\",\"name\":\"Traminer - Auslese - Die \u00e4lteste Rebe\",\"isPartOf\":{\"@id\":\"https:\/\/dev.shop.najstarejsatrta.si\/#website\"},\"primaryImageOfPage\":{\"@id\":\"https:\/\/shop.aeltesteweinrebe.com\/produkte\/weine\/traminer-auslese\/#primaryimage\"},\"image\":{\"@id\":\"https:\/\/shop.aeltesteweinrebe.com\/produkte\/weine\/traminer-auslese\/#primaryimage\"},\"thumbnailUrl\":\"https:\/\/dev.shop.najstarejsatrta.si\/wp-content\/uploads\/2024\/10\/1753-scaled.jpg\",\"datePublished\":\"2024-10-29T09:44:43+00:00\",\"dateModified\":\"2024-12-09T11:45:43+00:00\",\"breadcrumb\":{\"@id\":\"https:\/\/shop.aeltesteweinrebe.com\/produkte\/weine\/traminer-auslese\/#breadcrumb\"},\"inLanguage\":\"de\",\"potentialAction\":[{\"@type\":\"ReadAction\",\"target\":[\"https:\/\/shop.aeltesteweinrebe.com\/produkte\/weine\/traminer-auslese\/\"]}]},{\"@type\":\"ImageObject\",\"inLanguage\":\"de\",\"@id\":\"https:\/\/shop.aeltesteweinrebe.com\/produkte\/weine\/traminer-auslese\/#primaryimage\",\"url\":\"https:\/\/dev.shop.najstarejsatrta.si\/wp-content\/uploads\/2024\/10\/1753-scaled.jpg\",\"contentUrl\":\"https:\/\/dev.shop.najstarejsatrta.si\/wp-content\/uploads\/2024\/10\/1753-scaled.jpg\",\"width\":1707,\"height\":2560},{\"@type\":\"BreadcrumbList\",\"@id\":\"https:\/\/shop.aeltesteweinrebe.com\/produkte\/weine\/traminer-auslese\/#breadcrumb\",\"itemListElement\":[{\"@type\":\"ListItem\",\"position\":1,\"name\":\"Domov\",\"item\":\"https:\/\/shop.aeltesteweinrebe.com\/\"},{\"@type\":\"ListItem\",\"position\":2,\"name\":\"Shop\",\"item\":\"https:\/\/dev.shop.najstarejsatrta.si\/trgovina\/\"},{\"@type\":\"ListItem\",\"position\":3,\"name\":\"Traminer &#8211; Auslese\"}]},{\"@type\":\"WebSite\",\"@id\":\"https:\/\/dev.shop.najstarejsatrta.si\/#website\",\"url\":\"https:\/\/dev.shop.najstarejsatrta.si\/\",\"name\":\"Najstarej\u0161a trta\",\"description\":\"\",\"publisher\":{\"@id\":\"https:\/\/dev.shop.najstarejsatrta.si\/#organization\"},\"potentialAction\":[{\"@type\":\"SearchAction\",\"target\":{\"@type\":\"EntryPoint\",\"urlTemplate\":\"https:\/\/dev.shop.najstarejsatrta.si\/?s={search_term_string}\"},\"query-input\":{\"@type\":\"PropertyValueSpecification\",\"valueRequired\":true,\"valueName\":\"search_term_string\"}}],\"inLanguage\":\"de\"},{\"@type\":\"Organization\",\"@id\":\"https:\/\/dev.shop.najstarejsatrta.si\/#organization\",\"name\":\"Shop - Najstarej\u0161a trta\",\"url\":\"https:\/\/dev.shop.najstarejsatrta.si\/\",\"logo\":{\"@type\":\"ImageObject\",\"inLanguage\":\"de\",\"@id\":\"https:\/\/dev.shop.najstarejsatrta.si\/#\/schema\/logo\/image\/\",\"url\":\"https:\/\/dev.shop.najstarejsatrta.si\/wp-content\/uploads\/2024\/11\/logo-najstarejsa-trta-crn.png\",\"contentUrl\":\"https:\/\/dev.shop.najstarejsatrta.si\/wp-content\/uploads\/2024\/11\/logo-najstarejsa-trta-crn.png\",\"width\":446,\"height\":374,\"caption\":\"Shop - Najstarej\u0161a trta\"},\"image\":{\"@id\":\"https:\/\/dev.shop.najstarejsatrta.si\/#\/schema\/logo\/image\/\"},\"sameAs\":[\"https:\/\/www.facebook.com\/WorldsOldestVine\",\"https:\/\/www.instagram.com\/najstarejsatrta\/\"]}]}<\/script>\n<!-- \/ Yoast SEO plugin. -->","yoast_head_json":{"title":"Traminer - Auslese - Die \u00e4lteste Rebe","robots":{"index":"noindex","follow":"follow","max-snippet":"max-snippet:-1","max-image-preview":"max-image-preview:large","max-video-preview":"max-video-preview:-1"},"og_locale":"de_DE","og_type":"article","og_title":"Traminer - Auslese - Die \u00e4lteste Rebe","og_description":"Goldgelb in der Farbe, erinnert das opulente Bouquet an Litschi, Rose und Zimt.","og_url":"https:\/\/shop.aeltesteweinrebe.com\/produkte\/weine\/traminer-auslese\/","og_site_name":"Die \u00e4lteste Rebe","article_publisher":"https:\/\/www.facebook.com\/WorldsOldestVine","article_modified_time":"2024-12-09T11:45:43+00:00","og_image":[{"width":1707,"height":2560,"url":"https:\/\/dev.shop.najstarejsatrta.si\/wp-content\/uploads\/2024\/10\/1753-scaled.jpg","type":"image\/jpeg"}],"twitter_card":"summary_large_image","schema":{"@context":"https:\/\/schema.org","@graph":[{"@type":"WebPage","@id":"https:\/\/shop.aeltesteweinrebe.com\/produkte\/weine\/traminer-auslese\/","url":"https:\/\/shop.aeltesteweinrebe.com\/produkte\/weine\/traminer-auslese\/","name":"Traminer - Auslese - Die \u00e4lteste Rebe","isPartOf":{"@id":"https:\/\/dev.shop.najstarejsatrta.si\/#website"},"primaryImageOfPage":{"@id":"https:\/\/shop.aeltesteweinrebe.com\/produkte\/weine\/traminer-auslese\/#primaryimage"},"image":{"@id":"https:\/\/shop.aeltesteweinrebe.com\/produkte\/weine\/traminer-auslese\/#primaryimage"},"thumbnailUrl":"https:\/\/dev.shop.najstarejsatrta.si\/wp-content\/uploads\/2024\/10\/1753-scaled.jpg","datePublished":"2024-10-29T09:44:43+00:00","dateModified":"2024-12-09T11:45:43+00:00","breadcrumb":{"@id":"https:\/\/shop.aeltesteweinrebe.com\/produkte\/weine\/traminer-auslese\/#breadcrumb"},"inLanguage":"de","potentialAction":[{"@type":"ReadAction","target":["https:\/\/shop.aeltesteweinrebe.com\/produkte\/weine\/traminer-auslese\/"]}]},{"@type":"ImageObject","inLanguage":"de","@id":"https:\/\/shop.aeltesteweinrebe.com\/produkte\/weine\/traminer-auslese\/#primaryimage","url":"https:\/\/dev.shop.najstarejsatrta.si\/wp-content\/uploads\/2024\/10\/1753-scaled.jpg","contentUrl":"https:\/\/dev.shop.najstarejsatrta.si\/wp-content\/uploads\/2024\/10\/1753-scaled.jpg","width":1707,"height":2560},{"@type":"BreadcrumbList","@id":"https:\/\/shop.aeltesteweinrebe.com\/produkte\/weine\/traminer-auslese\/#breadcrumb","itemListElement":[{"@type":"ListItem","position":1,"name":"Domov","item":"https:\/\/shop.aeltesteweinrebe.com\/"},{"@type":"ListItem","position":2,"name":"Shop","item":"https:\/\/dev.shop.najstarejsatrta.si\/trgovina\/"},{"@type":"ListItem","position":3,"name":"Traminer &#8211; Auslese"}]},{"@type":"WebSite","@id":"https:\/\/dev.shop.najstarejsatrta.si\/#website","url":"https:\/\/dev.shop.najstarejsatrta.si\/","name":"Najstarej\u0161a trta","description":"","publisher":{"@id":"https:\/\/dev.shop.najstarejsatrta.si\/#organization"},"potentialAction":[{"@type":"SearchAction","target":{"@type":"EntryPoint","urlTemplate":"https:\/\/dev.shop.najstarejsatrta.si\/?s={search_term_string}"},"query-input":{"@type":"PropertyValueSpecification","valueRequired":true,"valueName":"search_term_string"}}],"inLanguage":"de"},{"@type":"Organization","@id":"https:\/\/dev.shop.najstarejsatrta.si\/#organization","name":"Shop - Najstarej\u0161a trta","url":"https:\/\/dev.shop.najstarejsatrta.si\/","logo":{"@type":"ImageObject","inLanguage":"de","@id":"https:\/\/dev.shop.najstarejsatrta.si\/#\/schema\/logo\/image\/","url":"https:\/\/dev.shop.najstarejsatrta.si\/wp-content\/uploads\/2024\/11\/logo-najstarejsa-trta-crn.png","contentUrl":"https:\/\/dev.shop.najstarejsatrta.si\/wp-content\/uploads\/2024\/11\/logo-najstarejsa-trta-crn.png","width":446,"height":374,"caption":"Shop - Najstarej\u0161a trta"},"image":{"@id":"https:\/\/dev.shop.najstarejsatrta.si\/#\/schema\/logo\/image\/"},"sameAs":["https:\/\/www.facebook.com\/WorldsOldestVine","https:\/\/www.instagram.com\/najstarejsatrta\/"]}]}},"_links":{"self":[{"href":"https:\/\/dev.shop.najstarejsatrta.si\/de\/wp-json\/wp\/v2\/product\/8495","targetHints":{"allow":["GET"]}}],"collection":[{"href":"https:\/\/dev.shop.najstarejsatrta.si\/de\/wp-json\/wp\/v2\/product"}],"about":[{"href":"https:\/\/dev.shop.najstarejsatrta.si\/de\/wp-json\/wp\/v2\/types\/product"}],"replies":[{"embeddable":true,"href":"https:\/\/dev.shop.najstarejsatrta.si\/de\/wp-json\/wp\/v2\/comments?post=8495"}],"wp:featuredmedia":[{"embeddable":true,"href":"https:\/\/dev.shop.najstarejsatrta.si\/de\/wp-json\/wp\/v2\/media\/5829"}],"wp:attachment":[{"href":"https:\/\/dev.shop.najstarejsatrta.si\/de\/wp-json\/wp\/v2\/media?parent=8495"}],"wp:term":[{"taxonomy":"product_brand","embeddable":true,"href":"https:\/\/dev.shop.najstarejsatrta.si\/de\/wp-json\/wp\/v2\/product_brand?post=8495"},{"taxonomy":"product_cat","embeddable":true,"href":"https:\/\/dev.shop.najstarejsatrta.si\/de\/wp-json\/wp\/v2\/product_cat?post=8495"},{"taxonomy":"product_tag","embeddable":true,"href":"https:\/\/dev.shop.najstarejsatrta.si\/de\/wp-json\/wp\/v2\/product_tag?post=8495"}],"curies":[{"name":"wp","href":"https:\/\/api.w.org\/{rel}","templated":true}]}}