{"id":9839,"date":"2024-10-29T10:45:41","date_gmt":"2024-10-29T09:45:41","guid":{"rendered":"https:\/\/dev.shop.najstarejsatrta.si\/izdelki\/unkategorisiert\/chardonnay-sekt\/"},"modified":"2024-10-29T10:45:41","modified_gmt":"2024-10-29T09:45:41","slug":"chardonnay-sekt","status":"publish","type":"product","link":"https:\/\/dev.shop.najstarejsatrta.si\/de\/produkte\/weine\/chardonnay-sekt\/","title":{"rendered":"Chardonnay-Sekt"},"content":{"rendered":"","protected":false},"excerpt":{"rendered":"<p>Brillante goldgelbe Farbe mit zahlreichen feinen und recht best\u00e4ndigen Perlen.<\/p>\n<p>Das Aroma ist intensiv und zeigt den ganzen Charme eines nach der klassischen Methode hergestellten Chardonnays. Reife gelbe \u00c4pfel, ein Hauch von tropischen Fr\u00fcchten und kandierte Zitrone treten hervor. Es folgen Noten von Mandelbl\u00fcte, die sich mit Buttrigkeit, Vanillecreme sowie Ankl\u00e4ngen von M\u00fcrbeteig und weichem Brotinneren verweben.<\/p>\n<p>Dies ist ein sehr trockener Sekt mit wahrnehmbarer Weichheit, ausgepr\u00e4gter Frische und fast salziger Mineralit\u00e4t. Zahlreiche Perlen f\u00fcllen den Mund und wirken cremig. Es handelt sich um einen recht k\u00f6rperreichen Sekt mit einem intensiven, eleganten und anhaltenden Nachgeschmack, in dem sich vor allem Zitrus- und Fruchtnoten mit Ankl\u00e4ngen von Creme und Marzipan verweben.<\/p>\n","protected":false},"featured_media":6323,"comment_status":"open","ping_status":"closed","template":"","meta":{"_acf_changed":false},"product_brand":[],"product_cat":[1385],"product_tag":[],"class_list":{"0":"post-9839","1":"product","2":"type-product","3":"status-publish","4":"has-post-thumbnail","6":"product_cat-weine","7":"pa_barva-weis","8":"pa_letnik-2019-de","9":"pa_nagrada-concours-mondial-de-bruxelles-silber","10":"pa_nagrada-decanter-bron-de","11":"pa_nagrada-glass-of-bubbly-gold-de","12":"pa_nagrada-great-american-silber","13":"pa_okolis-steirisches-slowenien","14":"pa_sladkorna-stopnja-brut-de","15":"pa_sorta-chardonnay-de","16":"pa_stil-schaumwein","17":"pa_stopnja-alkohola-125-de-2","18":"pa_temperatura-za-serviranje-5c-bis-6c","19":"pa_ujemanje-s-hrano-leichte-gerichte-salate-roher-fisch-gegrilltes-weises-fleisch-leichter-kase","20":"pa_ujemanje-s-hrano-meeresgerichte-fisch-muscheln-meeresfruchte","21":"pa_vinar-vinag-1847-de","22":"pa_volumen-075-l-de","23":"pa_zmoznost-staranja-ja","25":"first","26":"instock","27":"taxable","28":"shipping-taxable","29":"purchasable","30":"product-type-simple"},"acf":[],"yoast_head":"<!-- This site is optimized with the Yoast SEO plugin v24.3 - https:\/\/yoast.com\/wordpress\/plugins\/seo\/ -->\n<title>Chardonnay-Sekt - Die \u00e4lteste Rebe<\/title>\n<meta name=\"robots\" content=\"noindex, follow, max-snippet:-1, max-image-preview:large, max-video-preview:-1\" \/>\n<meta property=\"og:locale\" content=\"de_DE\" \/>\n<meta property=\"og:type\" content=\"article\" \/>\n<meta property=\"og:title\" content=\"Chardonnay-Sekt - Die \u00e4lteste Rebe\" \/>\n<meta property=\"og:description\" content=\"Brillante goldgelbe Farbe mit zahlreichen feinen und recht best\u00e4ndigen Perlen.  Das Aroma ist intensiv und zeigt den ganzen Charme eines nach der klassischen Methode hergestellten Chardonnays. Reife gelbe \u00c4pfel, ein Hauch von tropischen Fr\u00fcchten und kandierte Zitrone treten hervor. Es folgen Noten von Mandelbl\u00fcte, die sich mit Buttrigkeit, Vanillecreme sowie Ankl\u00e4ngen von M\u00fcrbeteig und weichem Brotinneren verweben.  Dies ist ein sehr trockener Sekt mit wahrnehmbarer Weichheit, ausgepr\u00e4gter Frische und fast salziger Mineralit\u00e4t. Zahlreiche Perlen f\u00fcllen den Mund und wirken cremig. Es handelt sich um einen recht k\u00f6rperreichen Sekt mit einem intensiven, eleganten und anhaltenden Nachgeschmack, in dem sich vor allem Zitrus- und Fruchtnoten mit Ankl\u00e4ngen von Creme und Marzipan verweben.\" \/>\n<meta property=\"og:url\" content=\"https:\/\/shop.aeltesteweinrebe.com\/produkte\/weine\/chardonnay-sekt\/\" \/>\n<meta property=\"og:site_name\" content=\"Die \u00e4lteste Rebe\" \/>\n<meta property=\"article:publisher\" content=\"https:\/\/www.facebook.com\/WorldsOldestVine\" \/>\n<meta property=\"og:image\" content=\"https:\/\/dev.shop.najstarejsatrta.si\/wp-content\/uploads\/2024\/10\/1754-scaled.jpg\" \/>\n\t<meta property=\"og:image:width\" content=\"1707\" \/>\n\t<meta property=\"og:image:height\" content=\"2560\" \/>\n\t<meta property=\"og:image:type\" content=\"image\/jpeg\" \/>\n<meta name=\"twitter:card\" content=\"summary_large_image\" \/>\n<script type=\"application\/ld+json\" class=\"yoast-schema-graph\">{\"@context\":\"https:\/\/schema.org\",\"@graph\":[{\"@type\":\"WebPage\",\"@id\":\"https:\/\/shop.aeltesteweinrebe.com\/produkte\/weine\/chardonnay-sekt\/\",\"url\":\"https:\/\/shop.aeltesteweinrebe.com\/produkte\/weine\/chardonnay-sekt\/\",\"name\":\"Chardonnay-Sekt - Die \u00e4lteste Rebe\",\"isPartOf\":{\"@id\":\"https:\/\/dev.shop.najstarejsatrta.si\/#website\"},\"primaryImageOfPage\":{\"@id\":\"https:\/\/shop.aeltesteweinrebe.com\/produkte\/weine\/chardonnay-sekt\/#primaryimage\"},\"image\":{\"@id\":\"https:\/\/shop.aeltesteweinrebe.com\/produkte\/weine\/chardonnay-sekt\/#primaryimage\"},\"thumbnailUrl\":\"https:\/\/dev.shop.najstarejsatrta.si\/wp-content\/uploads\/2024\/10\/1754-scaled.jpg\",\"datePublished\":\"2024-10-29T09:45:41+00:00\",\"dateModified\":\"2024-10-29T09:45:41+00:00\",\"breadcrumb\":{\"@id\":\"https:\/\/shop.aeltesteweinrebe.com\/produkte\/weine\/chardonnay-sekt\/#breadcrumb\"},\"inLanguage\":\"de\",\"potentialAction\":[{\"@type\":\"ReadAction\",\"target\":[\"https:\/\/shop.aeltesteweinrebe.com\/produkte\/weine\/chardonnay-sekt\/\"]}]},{\"@type\":\"ImageObject\",\"inLanguage\":\"de\",\"@id\":\"https:\/\/shop.aeltesteweinrebe.com\/produkte\/weine\/chardonnay-sekt\/#primaryimage\",\"url\":\"https:\/\/dev.shop.najstarejsatrta.si\/wp-content\/uploads\/2024\/10\/1754-scaled.jpg\",\"contentUrl\":\"https:\/\/dev.shop.najstarejsatrta.si\/wp-content\/uploads\/2024\/10\/1754-scaled.jpg\",\"width\":1707,\"height\":2560},{\"@type\":\"BreadcrumbList\",\"@id\":\"https:\/\/shop.aeltesteweinrebe.com\/produkte\/weine\/chardonnay-sekt\/#breadcrumb\",\"itemListElement\":[{\"@type\":\"ListItem\",\"position\":1,\"name\":\"Domov\",\"item\":\"https:\/\/shop.aeltesteweinrebe.com\/\"},{\"@type\":\"ListItem\",\"position\":2,\"name\":\"Shop\",\"item\":\"https:\/\/dev.shop.najstarejsatrta.si\/trgovina\/\"},{\"@type\":\"ListItem\",\"position\":3,\"name\":\"Chardonnay-Sekt\"}]},{\"@type\":\"WebSite\",\"@id\":\"https:\/\/dev.shop.najstarejsatrta.si\/#website\",\"url\":\"https:\/\/dev.shop.najstarejsatrta.si\/\",\"name\":\"Najstarej\u0161a trta\",\"description\":\"\",\"publisher\":{\"@id\":\"https:\/\/dev.shop.najstarejsatrta.si\/#organization\"},\"potentialAction\":[{\"@type\":\"SearchAction\",\"target\":{\"@type\":\"EntryPoint\",\"urlTemplate\":\"https:\/\/dev.shop.najstarejsatrta.si\/?s={search_term_string}\"},\"query-input\":{\"@type\":\"PropertyValueSpecification\",\"valueRequired\":true,\"valueName\":\"search_term_string\"}}],\"inLanguage\":\"de\"},{\"@type\":\"Organization\",\"@id\":\"https:\/\/dev.shop.najstarejsatrta.si\/#organization\",\"name\":\"Shop - Najstarej\u0161a trta\",\"url\":\"https:\/\/dev.shop.najstarejsatrta.si\/\",\"logo\":{\"@type\":\"ImageObject\",\"inLanguage\":\"de\",\"@id\":\"https:\/\/dev.shop.najstarejsatrta.si\/#\/schema\/logo\/image\/\",\"url\":\"https:\/\/dev.shop.najstarejsatrta.si\/wp-content\/uploads\/2024\/11\/logo-najstarejsa-trta-crn.png\",\"contentUrl\":\"https:\/\/dev.shop.najstarejsatrta.si\/wp-content\/uploads\/2024\/11\/logo-najstarejsa-trta-crn.png\",\"width\":446,\"height\":374,\"caption\":\"Shop - Najstarej\u0161a trta\"},\"image\":{\"@id\":\"https:\/\/dev.shop.najstarejsatrta.si\/#\/schema\/logo\/image\/\"},\"sameAs\":[\"https:\/\/www.facebook.com\/WorldsOldestVine\",\"https:\/\/www.instagram.com\/najstarejsatrta\/\"]}]}<\/script>\n<!-- \/ Yoast SEO plugin. -->","yoast_head_json":{"title":"Chardonnay-Sekt - Die \u00e4lteste Rebe","robots":{"index":"noindex","follow":"follow","max-snippet":"max-snippet:-1","max-image-preview":"max-image-preview:large","max-video-preview":"max-video-preview:-1"},"og_locale":"de_DE","og_type":"article","og_title":"Chardonnay-Sekt - Die \u00e4lteste Rebe","og_description":"Brillante goldgelbe Farbe mit zahlreichen feinen und recht best\u00e4ndigen Perlen.  Das Aroma ist intensiv und zeigt den ganzen Charme eines nach der klassischen Methode hergestellten Chardonnays. Reife gelbe \u00c4pfel, ein Hauch von tropischen Fr\u00fcchten und kandierte Zitrone treten hervor. Es folgen Noten von Mandelbl\u00fcte, die sich mit Buttrigkeit, Vanillecreme sowie Ankl\u00e4ngen von M\u00fcrbeteig und weichem Brotinneren verweben.  Dies ist ein sehr trockener Sekt mit wahrnehmbarer Weichheit, ausgepr\u00e4gter Frische und fast salziger Mineralit\u00e4t. Zahlreiche Perlen f\u00fcllen den Mund und wirken cremig. Es handelt sich um einen recht k\u00f6rperreichen Sekt mit einem intensiven, eleganten und anhaltenden Nachgeschmack, in dem sich vor allem Zitrus- und Fruchtnoten mit Ankl\u00e4ngen von Creme und Marzipan verweben.","og_url":"https:\/\/shop.aeltesteweinrebe.com\/produkte\/weine\/chardonnay-sekt\/","og_site_name":"Die \u00e4lteste Rebe","article_publisher":"https:\/\/www.facebook.com\/WorldsOldestVine","og_image":[{"width":1707,"height":2560,"url":"https:\/\/dev.shop.najstarejsatrta.si\/wp-content\/uploads\/2024\/10\/1754-scaled.jpg","type":"image\/jpeg"}],"twitter_card":"summary_large_image","schema":{"@context":"https:\/\/schema.org","@graph":[{"@type":"WebPage","@id":"https:\/\/shop.aeltesteweinrebe.com\/produkte\/weine\/chardonnay-sekt\/","url":"https:\/\/shop.aeltesteweinrebe.com\/produkte\/weine\/chardonnay-sekt\/","name":"Chardonnay-Sekt - Die \u00e4lteste Rebe","isPartOf":{"@id":"https:\/\/dev.shop.najstarejsatrta.si\/#website"},"primaryImageOfPage":{"@id":"https:\/\/shop.aeltesteweinrebe.com\/produkte\/weine\/chardonnay-sekt\/#primaryimage"},"image":{"@id":"https:\/\/shop.aeltesteweinrebe.com\/produkte\/weine\/chardonnay-sekt\/#primaryimage"},"thumbnailUrl":"https:\/\/dev.shop.najstarejsatrta.si\/wp-content\/uploads\/2024\/10\/1754-scaled.jpg","datePublished":"2024-10-29T09:45:41+00:00","dateModified":"2024-10-29T09:45:41+00:00","breadcrumb":{"@id":"https:\/\/shop.aeltesteweinrebe.com\/produkte\/weine\/chardonnay-sekt\/#breadcrumb"},"inLanguage":"de","potentialAction":[{"@type":"ReadAction","target":["https:\/\/shop.aeltesteweinrebe.com\/produkte\/weine\/chardonnay-sekt\/"]}]},{"@type":"ImageObject","inLanguage":"de","@id":"https:\/\/shop.aeltesteweinrebe.com\/produkte\/weine\/chardonnay-sekt\/#primaryimage","url":"https:\/\/dev.shop.najstarejsatrta.si\/wp-content\/uploads\/2024\/10\/1754-scaled.jpg","contentUrl":"https:\/\/dev.shop.najstarejsatrta.si\/wp-content\/uploads\/2024\/10\/1754-scaled.jpg","width":1707,"height":2560},{"@type":"BreadcrumbList","@id":"https:\/\/shop.aeltesteweinrebe.com\/produkte\/weine\/chardonnay-sekt\/#breadcrumb","itemListElement":[{"@type":"ListItem","position":1,"name":"Domov","item":"https:\/\/shop.aeltesteweinrebe.com\/"},{"@type":"ListItem","position":2,"name":"Shop","item":"https:\/\/dev.shop.najstarejsatrta.si\/trgovina\/"},{"@type":"ListItem","position":3,"name":"Chardonnay-Sekt"}]},{"@type":"WebSite","@id":"https:\/\/dev.shop.najstarejsatrta.si\/#website","url":"https:\/\/dev.shop.najstarejsatrta.si\/","name":"Najstarej\u0161a trta","description":"","publisher":{"@id":"https:\/\/dev.shop.najstarejsatrta.si\/#organization"},"potentialAction":[{"@type":"SearchAction","target":{"@type":"EntryPoint","urlTemplate":"https:\/\/dev.shop.najstarejsatrta.si\/?s={search_term_string}"},"query-input":{"@type":"PropertyValueSpecification","valueRequired":true,"valueName":"search_term_string"}}],"inLanguage":"de"},{"@type":"Organization","@id":"https:\/\/dev.shop.najstarejsatrta.si\/#organization","name":"Shop - Najstarej\u0161a trta","url":"https:\/\/dev.shop.najstarejsatrta.si\/","logo":{"@type":"ImageObject","inLanguage":"de","@id":"https:\/\/dev.shop.najstarejsatrta.si\/#\/schema\/logo\/image\/","url":"https:\/\/dev.shop.najstarejsatrta.si\/wp-content\/uploads\/2024\/11\/logo-najstarejsa-trta-crn.png","contentUrl":"https:\/\/dev.shop.najstarejsatrta.si\/wp-content\/uploads\/2024\/11\/logo-najstarejsa-trta-crn.png","width":446,"height":374,"caption":"Shop - Najstarej\u0161a trta"},"image":{"@id":"https:\/\/dev.shop.najstarejsatrta.si\/#\/schema\/logo\/image\/"},"sameAs":["https:\/\/www.facebook.com\/WorldsOldestVine","https:\/\/www.instagram.com\/najstarejsatrta\/"]}]}},"_links":{"self":[{"href":"https:\/\/dev.shop.najstarejsatrta.si\/de\/wp-json\/wp\/v2\/product\/9839","targetHints":{"allow":["GET"]}}],"collection":[{"href":"https:\/\/dev.shop.najstarejsatrta.si\/de\/wp-json\/wp\/v2\/product"}],"about":[{"href":"https:\/\/dev.shop.najstarejsatrta.si\/de\/wp-json\/wp\/v2\/types\/product"}],"replies":[{"embeddable":true,"href":"https:\/\/dev.shop.najstarejsatrta.si\/de\/wp-json\/wp\/v2\/comments?post=9839"}],"wp:featuredmedia":[{"embeddable":true,"href":"https:\/\/dev.shop.najstarejsatrta.si\/de\/wp-json\/wp\/v2\/media\/6323"}],"wp:attachment":[{"href":"https:\/\/dev.shop.najstarejsatrta.si\/de\/wp-json\/wp\/v2\/media?parent=9839"}],"wp:term":[{"taxonomy":"product_brand","embeddable":true,"href":"https:\/\/dev.shop.najstarejsatrta.si\/de\/wp-json\/wp\/v2\/product_brand?post=9839"},{"taxonomy":"product_cat","embeddable":true,"href":"https:\/\/dev.shop.najstarejsatrta.si\/de\/wp-json\/wp\/v2\/product_cat?post=9839"},{"taxonomy":"product_tag","embeddable":true,"href":"https:\/\/dev.shop.najstarejsatrta.si\/de\/wp-json\/wp\/v2\/product_tag?post=9839"}],"curies":[{"name":"wp","href":"https:\/\/api.w.org\/{rel}","templated":true}]}}