{"id":9885,"date":"2024-12-02T13:35:18","date_gmt":"2024-12-02T12:35:18","guid":{"rendered":"https:\/\/dev.shop.najstarejsatrta.si\/izdelki\/unkategorisiert\/chardonnay-prestige-2\/"},"modified":"2024-12-02T13:35:18","modified_gmt":"2024-12-02T12:35:18","slug":"chardonnay-prestige-2","status":"publish","type":"product","link":"https:\/\/dev.shop.najstarejsatrta.si\/de\/produkte\/weine\/chardonnay-prestige-2\/","title":{"rendered":"Chardonnay Prestige"},"content":{"rendered":"<article class=\"w-full scroll-mb-[var(--thread-trailing-height,150px)] text-token-text-primary focus-visible:outline-2 focus-visible:outline-offset-[-4px]\" dir=\"auto\" data-testid=\"conversation-turn-79\" data-scroll-anchor=\"false\">\n<div class=\"m-auto text-base py-[18px] px-3 md:px-4 w-full md:px-5 lg:px-4 xl:px-5\">\n<div class=\"mx-auto flex flex-1 gap-4 text-base md:gap-5 lg:gap-6 md:max-w-3xl lg:max-w-[40rem] xl:max-w-[48rem]\">\n<div class=\"group\/conversation-turn relative flex w-full min-w-0 flex-col agent-turn\">\n<div class=\"flex-col gap-1 md:gap-3\">\n<div class=\"flex max-w-full flex-col flex-grow\">\n<div class=\"min-h-8 text-message flex w-full flex-col items-end gap-2 whitespace-normal break-words text-start [.text-message+&amp;]:mt-5\" dir=\"auto\" data-message-author-role=\"assistant\" data-message-id=\"55ae3ace-9df9-4547-ba99-38c21c9f4c4b\" data-message-model-slug=\"gpt-4o\">\n<div class=\"flex w-full flex-col gap-1 empty:hidden first:pt-[3px]\">\n<div class=\"markdown prose w-full break-words dark:prose-invert light\">\n<p>Chardonnay Selektion. Sanft mit mildem Alkohol und ausgewogener S\u00e4ure. Strohgoldene Farbe, mit Aromen von \u00c4pfeln, wei\u00dfen Birnen und Eiche. Das klassische Aroma von wei\u00dfen Birnen und \u00c4pfeln wird durch den Duft von Eichenholz erg\u00e4nzt. Der Wein hat einen vollen Geschmack, die S\u00e4ure ist lebendig und harmonisch ausbalanciert.<\/p>\n<\/div>\n<\/div>\n<\/div>\n<\/div>\n<\/div>\n<\/div>\n<\/div>\n<\/div>\n<\/article>\n","protected":false},"excerpt":{"rendered":"<article class=\"w-full scroll-mb-[var(--thread-trailing-height,150px)] text-token-text-primary focus-visible:outline-2 focus-visible:outline-offset-[-4px]\" dir=\"auto\" data-testid=\"conversation-turn-81\" data-scroll-anchor=\"false\">\n<div class=\"m-auto text-base py-[18px] px-3 md:px-4 w-full md:px-5 lg:px-4 xl:px-5\">\n<div class=\"mx-auto flex flex-1 gap-4 text-base md:gap-5 lg:gap-6 md:max-w-3xl lg:max-w-[40rem] xl:max-w-[48rem]\">\n<div class=\"group\/conversation-turn relative flex w-full min-w-0 flex-col agent-turn\">\n<div class=\"flex-col gap-1 md:gap-3\">\n<div class=\"flex max-w-full flex-col flex-grow\">\n<div class=\"min-h-8 text-message flex w-full flex-col items-end gap-2 whitespace-normal break-words text-start [.text-message+&amp;]:mt-5\" dir=\"auto\" data-message-author-role=\"assistant\" data-message-id=\"5f2b4818-0da5-43c6-ba8a-9589374b6af4\" data-message-model-slug=\"gpt-4o\">\n<div class=\"flex w-full flex-col gap-1 empty:hidden first:pt-[3px]\">\n<div class=\"markdown prose w-full break-words dark:prose-invert light\">\n<p>Sanft mit mildem Alkohol und ausgewogener S\u00e4ure. Strohgoldene Farbe, mit Aromen von \u00c4pfeln, wei\u00dfen Birnen und Eiche.<\/p>\n<\/div>\n<\/div>\n<\/div>\n<\/div>\n<\/div>\n<\/div>\n<\/div>\n<\/div>\n<\/article>\n","protected":false},"featured_media":9558,"comment_status":"open","ping_status":"closed","template":"","meta":{"_acf_changed":false},"product_brand":[],"product_cat":[1385],"product_tag":[],"class_list":{"0":"post-9885","1":"product","2":"type-product","3":"status-publish","4":"has-post-thumbnail","6":"product_cat-weine","7":"pa_barva-weis","8":"pa_kislina-59-g-l-de","9":"pa_letnik-2021-de","10":"pa_okolis-steirisches-slowenien","11":"pa_sladkorna-stopnja-trocken","12":"pa_sorta-chardonnay-de","13":"pa_stevilo-pridelanih-steklenic-1250-de","14":"pa_stil-stillwein","15":"pa_stopnja-alkohola-13-de","16":"pa_temperatura-za-serviranje-7c-bis-9c","17":"pa_ujemanje-s-hrano-gebratenes-weises-fleisch-huhn-pute-schwein","18":"pa_ujemanje-s-hrano-meeresgerichte-fisch-muscheln-meeresfruchte","19":"pa_ujemanje-s-hrano-weichkase","20":"pa_vinar-sanctum-de","21":"pa_volumen-15-l-de","22":"pa_zmoznost-staranja-ja","24":"first","25":"instock","26":"taxable","27":"shipping-taxable","28":"purchasable","29":"product-type-simple"},"acf":[],"yoast_head":"<!-- This site is optimized with the Yoast SEO plugin v24.3 - https:\/\/yoast.com\/wordpress\/plugins\/seo\/ -->\n<title>Chardonnay Prestige - Die \u00e4lteste Rebe<\/title>\n<meta name=\"robots\" content=\"noindex, follow, max-snippet:-1, max-image-preview:large, max-video-preview:-1\" \/>\n<meta property=\"og:locale\" content=\"de_DE\" \/>\n<meta property=\"og:type\" content=\"article\" \/>\n<meta property=\"og:title\" content=\"Chardonnay Prestige - Die \u00e4lteste Rebe\" \/>\n<meta property=\"og:description\" content=\"Sanft mit mildem Alkohol und ausgewogener S\u00e4ure. Strohgoldene Farbe, mit Aromen von \u00c4pfeln, wei\u00dfen Birnen und Eiche.\" \/>\n<meta property=\"og:url\" content=\"https:\/\/shop.aeltesteweinrebe.com\/produkte\/weine\/chardonnay-prestige-2\/\" \/>\n<meta property=\"og:site_name\" content=\"Die \u00e4lteste Rebe\" \/>\n<meta property=\"article:publisher\" content=\"https:\/\/www.facebook.com\/WorldsOldestVine\" \/>\n<meta property=\"og:image\" content=\"https:\/\/dev.shop.najstarejsatrta.si\/wp-content\/uploads\/2024\/12\/IMG_97402-scaled-e1734004947380.jpg\" \/>\n\t<meta property=\"og:image:width\" content=\"1707\" \/>\n\t<meta property=\"og:image:height\" content=\"2560\" \/>\n\t<meta property=\"og:image:type\" content=\"image\/jpeg\" \/>\n<meta name=\"twitter:card\" content=\"summary_large_image\" \/>\n<script type=\"application\/ld+json\" class=\"yoast-schema-graph\">{\"@context\":\"https:\/\/schema.org\",\"@graph\":[{\"@type\":\"WebPage\",\"@id\":\"https:\/\/shop.aeltesteweinrebe.com\/produkte\/weine\/chardonnay-prestige-2\/\",\"url\":\"https:\/\/shop.aeltesteweinrebe.com\/produkte\/weine\/chardonnay-prestige-2\/\",\"name\":\"Chardonnay Prestige - Die \u00e4lteste Rebe\",\"isPartOf\":{\"@id\":\"https:\/\/dev.shop.najstarejsatrta.si\/#website\"},\"primaryImageOfPage\":{\"@id\":\"https:\/\/shop.aeltesteweinrebe.com\/produkte\/weine\/chardonnay-prestige-2\/#primaryimage\"},\"image\":{\"@id\":\"https:\/\/shop.aeltesteweinrebe.com\/produkte\/weine\/chardonnay-prestige-2\/#primaryimage\"},\"thumbnailUrl\":\"https:\/\/dev.shop.najstarejsatrta.si\/wp-content\/uploads\/2024\/12\/IMG_97402-scaled-e1734004947380.jpg\",\"datePublished\":\"2024-12-02T12:35:18+00:00\",\"dateModified\":\"2024-12-02T12:35:18+00:00\",\"breadcrumb\":{\"@id\":\"https:\/\/shop.aeltesteweinrebe.com\/produkte\/weine\/chardonnay-prestige-2\/#breadcrumb\"},\"inLanguage\":\"de\",\"potentialAction\":[{\"@type\":\"ReadAction\",\"target\":[\"https:\/\/shop.aeltesteweinrebe.com\/produkte\/weine\/chardonnay-prestige-2\/\"]}]},{\"@type\":\"ImageObject\",\"inLanguage\":\"de\",\"@id\":\"https:\/\/shop.aeltesteweinrebe.com\/produkte\/weine\/chardonnay-prestige-2\/#primaryimage\",\"url\":\"https:\/\/dev.shop.najstarejsatrta.si\/wp-content\/uploads\/2024\/12\/IMG_97402-scaled-e1734004947380.jpg\",\"contentUrl\":\"https:\/\/dev.shop.najstarejsatrta.si\/wp-content\/uploads\/2024\/12\/IMG_97402-scaled-e1734004947380.jpg\",\"width\":1707,\"height\":2560},{\"@type\":\"BreadcrumbList\",\"@id\":\"https:\/\/shop.aeltesteweinrebe.com\/produkte\/weine\/chardonnay-prestige-2\/#breadcrumb\",\"itemListElement\":[{\"@type\":\"ListItem\",\"position\":1,\"name\":\"Domov\",\"item\":\"https:\/\/shop.aeltesteweinrebe.com\/\"},{\"@type\":\"ListItem\",\"position\":2,\"name\":\"Shop\",\"item\":\"https:\/\/dev.shop.najstarejsatrta.si\/trgovina\/\"},{\"@type\":\"ListItem\",\"position\":3,\"name\":\"Chardonnay Prestige\"}]},{\"@type\":\"WebSite\",\"@id\":\"https:\/\/dev.shop.najstarejsatrta.si\/#website\",\"url\":\"https:\/\/dev.shop.najstarejsatrta.si\/\",\"name\":\"Najstarej\u0161a trta\",\"description\":\"\",\"publisher\":{\"@id\":\"https:\/\/dev.shop.najstarejsatrta.si\/#organization\"},\"potentialAction\":[{\"@type\":\"SearchAction\",\"target\":{\"@type\":\"EntryPoint\",\"urlTemplate\":\"https:\/\/dev.shop.najstarejsatrta.si\/?s={search_term_string}\"},\"query-input\":{\"@type\":\"PropertyValueSpecification\",\"valueRequired\":true,\"valueName\":\"search_term_string\"}}],\"inLanguage\":\"de\"},{\"@type\":\"Organization\",\"@id\":\"https:\/\/dev.shop.najstarejsatrta.si\/#organization\",\"name\":\"Shop - Najstarej\u0161a trta\",\"url\":\"https:\/\/dev.shop.najstarejsatrta.si\/\",\"logo\":{\"@type\":\"ImageObject\",\"inLanguage\":\"de\",\"@id\":\"https:\/\/dev.shop.najstarejsatrta.si\/#\/schema\/logo\/image\/\",\"url\":\"https:\/\/dev.shop.najstarejsatrta.si\/wp-content\/uploads\/2024\/11\/logo-najstarejsa-trta-crn.png\",\"contentUrl\":\"https:\/\/dev.shop.najstarejsatrta.si\/wp-content\/uploads\/2024\/11\/logo-najstarejsa-trta-crn.png\",\"width\":446,\"height\":374,\"caption\":\"Shop - Najstarej\u0161a trta\"},\"image\":{\"@id\":\"https:\/\/dev.shop.najstarejsatrta.si\/#\/schema\/logo\/image\/\"},\"sameAs\":[\"https:\/\/www.facebook.com\/WorldsOldestVine\",\"https:\/\/www.instagram.com\/najstarejsatrta\/\"]}]}<\/script>\n<!-- \/ Yoast SEO plugin. -->","yoast_head_json":{"title":"Chardonnay Prestige - Die \u00e4lteste Rebe","robots":{"index":"noindex","follow":"follow","max-snippet":"max-snippet:-1","max-image-preview":"max-image-preview:large","max-video-preview":"max-video-preview:-1"},"og_locale":"de_DE","og_type":"article","og_title":"Chardonnay Prestige - Die \u00e4lteste Rebe","og_description":"Sanft mit mildem Alkohol und ausgewogener S\u00e4ure. Strohgoldene Farbe, mit Aromen von \u00c4pfeln, wei\u00dfen Birnen und Eiche.","og_url":"https:\/\/shop.aeltesteweinrebe.com\/produkte\/weine\/chardonnay-prestige-2\/","og_site_name":"Die \u00e4lteste Rebe","article_publisher":"https:\/\/www.facebook.com\/WorldsOldestVine","og_image":[{"width":1707,"height":2560,"url":"https:\/\/dev.shop.najstarejsatrta.si\/wp-content\/uploads\/2024\/12\/IMG_97402-scaled-e1734004947380.jpg","type":"image\/jpeg"}],"twitter_card":"summary_large_image","schema":{"@context":"https:\/\/schema.org","@graph":[{"@type":"WebPage","@id":"https:\/\/shop.aeltesteweinrebe.com\/produkte\/weine\/chardonnay-prestige-2\/","url":"https:\/\/shop.aeltesteweinrebe.com\/produkte\/weine\/chardonnay-prestige-2\/","name":"Chardonnay Prestige - Die \u00e4lteste Rebe","isPartOf":{"@id":"https:\/\/dev.shop.najstarejsatrta.si\/#website"},"primaryImageOfPage":{"@id":"https:\/\/shop.aeltesteweinrebe.com\/produkte\/weine\/chardonnay-prestige-2\/#primaryimage"},"image":{"@id":"https:\/\/shop.aeltesteweinrebe.com\/produkte\/weine\/chardonnay-prestige-2\/#primaryimage"},"thumbnailUrl":"https:\/\/dev.shop.najstarejsatrta.si\/wp-content\/uploads\/2024\/12\/IMG_97402-scaled-e1734004947380.jpg","datePublished":"2024-12-02T12:35:18+00:00","dateModified":"2024-12-02T12:35:18+00:00","breadcrumb":{"@id":"https:\/\/shop.aeltesteweinrebe.com\/produkte\/weine\/chardonnay-prestige-2\/#breadcrumb"},"inLanguage":"de","potentialAction":[{"@type":"ReadAction","target":["https:\/\/shop.aeltesteweinrebe.com\/produkte\/weine\/chardonnay-prestige-2\/"]}]},{"@type":"ImageObject","inLanguage":"de","@id":"https:\/\/shop.aeltesteweinrebe.com\/produkte\/weine\/chardonnay-prestige-2\/#primaryimage","url":"https:\/\/dev.shop.najstarejsatrta.si\/wp-content\/uploads\/2024\/12\/IMG_97402-scaled-e1734004947380.jpg","contentUrl":"https:\/\/dev.shop.najstarejsatrta.si\/wp-content\/uploads\/2024\/12\/IMG_97402-scaled-e1734004947380.jpg","width":1707,"height":2560},{"@type":"BreadcrumbList","@id":"https:\/\/shop.aeltesteweinrebe.com\/produkte\/weine\/chardonnay-prestige-2\/#breadcrumb","itemListElement":[{"@type":"ListItem","position":1,"name":"Domov","item":"https:\/\/shop.aeltesteweinrebe.com\/"},{"@type":"ListItem","position":2,"name":"Shop","item":"https:\/\/dev.shop.najstarejsatrta.si\/trgovina\/"},{"@type":"ListItem","position":3,"name":"Chardonnay Prestige"}]},{"@type":"WebSite","@id":"https:\/\/dev.shop.najstarejsatrta.si\/#website","url":"https:\/\/dev.shop.najstarejsatrta.si\/","name":"Najstarej\u0161a trta","description":"","publisher":{"@id":"https:\/\/dev.shop.najstarejsatrta.si\/#organization"},"potentialAction":[{"@type":"SearchAction","target":{"@type":"EntryPoint","urlTemplate":"https:\/\/dev.shop.najstarejsatrta.si\/?s={search_term_string}"},"query-input":{"@type":"PropertyValueSpecification","valueRequired":true,"valueName":"search_term_string"}}],"inLanguage":"de"},{"@type":"Organization","@id":"https:\/\/dev.shop.najstarejsatrta.si\/#organization","name":"Shop - Najstarej\u0161a trta","url":"https:\/\/dev.shop.najstarejsatrta.si\/","logo":{"@type":"ImageObject","inLanguage":"de","@id":"https:\/\/dev.shop.najstarejsatrta.si\/#\/schema\/logo\/image\/","url":"https:\/\/dev.shop.najstarejsatrta.si\/wp-content\/uploads\/2024\/11\/logo-najstarejsa-trta-crn.png","contentUrl":"https:\/\/dev.shop.najstarejsatrta.si\/wp-content\/uploads\/2024\/11\/logo-najstarejsa-trta-crn.png","width":446,"height":374,"caption":"Shop - Najstarej\u0161a trta"},"image":{"@id":"https:\/\/dev.shop.najstarejsatrta.si\/#\/schema\/logo\/image\/"},"sameAs":["https:\/\/www.facebook.com\/WorldsOldestVine","https:\/\/www.instagram.com\/najstarejsatrta\/"]}]}},"_links":{"self":[{"href":"https:\/\/dev.shop.najstarejsatrta.si\/de\/wp-json\/wp\/v2\/product\/9885","targetHints":{"allow":["GET"]}}],"collection":[{"href":"https:\/\/dev.shop.najstarejsatrta.si\/de\/wp-json\/wp\/v2\/product"}],"about":[{"href":"https:\/\/dev.shop.najstarejsatrta.si\/de\/wp-json\/wp\/v2\/types\/product"}],"replies":[{"embeddable":true,"href":"https:\/\/dev.shop.najstarejsatrta.si\/de\/wp-json\/wp\/v2\/comments?post=9885"}],"wp:featuredmedia":[{"embeddable":true,"href":"https:\/\/dev.shop.najstarejsatrta.si\/de\/wp-json\/wp\/v2\/media\/9558"}],"wp:attachment":[{"href":"https:\/\/dev.shop.najstarejsatrta.si\/de\/wp-json\/wp\/v2\/media?parent=9885"}],"wp:term":[{"taxonomy":"product_brand","embeddable":true,"href":"https:\/\/dev.shop.najstarejsatrta.si\/de\/wp-json\/wp\/v2\/product_brand?post=9885"},{"taxonomy":"product_cat","embeddable":true,"href":"https:\/\/dev.shop.najstarejsatrta.si\/de\/wp-json\/wp\/v2\/product_cat?post=9885"},{"taxonomy":"product_tag","embeddable":true,"href":"https:\/\/dev.shop.najstarejsatrta.si\/de\/wp-json\/wp\/v2\/product_tag?post=9885"}],"curies":[{"name":"wp","href":"https:\/\/api.w.org\/{rel}","templated":true}]}}