{"id":9944,"date":"2024-12-12T12:25:47","date_gmt":"2024-12-12T11:25:47","guid":{"rendered":"https:\/\/dev.shop.najstarejsatrta.si\/izdelki\/unkategorisiert\/muscat-blanc\/"},"modified":"2024-12-12T12:25:47","modified_gmt":"2024-12-12T11:25:47","slug":"muscat-blanc","status":"publish","type":"product","link":"https:\/\/dev.shop.najstarejsatrta.si\/de\/produkte\/weine\/muscat-blanc\/","title":{"rendered":"Muscat Blanc"},"content":{"rendered":"<p>Es ist eine der \u00e4ltesten Muskat-Sorten, die f\u00fcr ihre Aromatik und besonderen D\u00fcfte bekannt ist.<\/p>\n","protected":false},"excerpt":{"rendered":"<p>Es ist ein ausgezeichnetes Wein mit einem reichen und vollen Geschmack sowie einer angenehmen Bl\u00fctennote. Seine Frische wird durch eine angenehme S\u00e4ure gew\u00e4hrleistet.<\/p>\n","protected":false},"featured_media":9642,"comment_status":"open","ping_status":"closed","template":"","meta":{"_acf_changed":false},"product_brand":[],"product_cat":[1385],"product_tag":[],"class_list":{"0":"post-9944","1":"product","2":"type-product","3":"status-publish","4":"has-post-thumbnail","6":"product_cat-weine","7":"pa_barva-weis","8":"pa_okolis-steirisches-slowenien","9":"pa_sladkorna-stopnja-halbsuess","10":"pa_sorta-gelber-muskateller","11":"pa_stil-stillwein","12":"pa_temperatura-za-serviranje-7c-bis-9c","13":"pa_vinar-leber-weine","14":"pa_volumen-075-l-de","16":"first","17":"instock","18":"sale","19":"featured","20":"taxable","21":"shipping-taxable","22":"purchasable","23":"product-type-simple"},"acf":[],"yoast_head":"<!-- This site is optimized with the Yoast SEO plugin v24.3 - https:\/\/yoast.com\/wordpress\/plugins\/seo\/ -->\n<title>Muscat Blanc - Die \u00e4lteste Rebe<\/title>\n<meta name=\"robots\" content=\"noindex, follow, max-snippet:-1, max-image-preview:large, max-video-preview:-1\" \/>\n<meta property=\"og:locale\" content=\"de_DE\" \/>\n<meta property=\"og:type\" content=\"article\" \/>\n<meta property=\"og:title\" content=\"Muscat Blanc - Die \u00e4lteste Rebe\" \/>\n<meta property=\"og:description\" content=\"Es ist ein ausgezeichnetes Wein mit einem reichen und vollen Geschmack sowie einer angenehmen Bl\u00fctennote. Seine Frische wird durch eine angenehme S\u00e4ure gew\u00e4hrleistet.\" \/>\n<meta property=\"og:url\" content=\"https:\/\/shop.aeltesteweinrebe.com\/produkte\/weine\/muscat-blanc\/\" \/>\n<meta property=\"og:site_name\" content=\"Die \u00e4lteste Rebe\" \/>\n<meta property=\"article:publisher\" content=\"https:\/\/www.facebook.com\/WorldsOldestVine\" \/>\n<meta property=\"og:image\" content=\"https:\/\/dev.shop.najstarejsatrta.si\/wp-content\/uploads\/2024\/12\/IMG_9633-scaled-e1734002734609.jpg\" \/>\n\t<meta property=\"og:image:width\" content=\"1707\" \/>\n\t<meta property=\"og:image:height\" content=\"2560\" \/>\n\t<meta property=\"og:image:type\" content=\"image\/jpeg\" \/>\n<meta name=\"twitter:card\" content=\"summary_large_image\" \/>\n<script type=\"application\/ld+json\" class=\"yoast-schema-graph\">{\"@context\":\"https:\/\/schema.org\",\"@graph\":[{\"@type\":\"WebPage\",\"@id\":\"https:\/\/shop.aeltesteweinrebe.com\/produkte\/weine\/muscat-blanc\/\",\"url\":\"https:\/\/shop.aeltesteweinrebe.com\/produkte\/weine\/muscat-blanc\/\",\"name\":\"Muscat Blanc - Die \u00e4lteste Rebe\",\"isPartOf\":{\"@id\":\"https:\/\/dev.shop.najstarejsatrta.si\/#website\"},\"primaryImageOfPage\":{\"@id\":\"https:\/\/shop.aeltesteweinrebe.com\/produkte\/weine\/muscat-blanc\/#primaryimage\"},\"image\":{\"@id\":\"https:\/\/shop.aeltesteweinrebe.com\/produkte\/weine\/muscat-blanc\/#primaryimage\"},\"thumbnailUrl\":\"https:\/\/dev.shop.najstarejsatrta.si\/wp-content\/uploads\/2024\/12\/IMG_9633-scaled-e1734002734609.jpg\",\"datePublished\":\"2024-12-12T11:25:47+00:00\",\"dateModified\":\"2024-12-12T11:25:47+00:00\",\"breadcrumb\":{\"@id\":\"https:\/\/shop.aeltesteweinrebe.com\/produkte\/weine\/muscat-blanc\/#breadcrumb\"},\"inLanguage\":\"de\",\"potentialAction\":[{\"@type\":\"ReadAction\",\"target\":[\"https:\/\/shop.aeltesteweinrebe.com\/produkte\/weine\/muscat-blanc\/\"]}]},{\"@type\":\"ImageObject\",\"inLanguage\":\"de\",\"@id\":\"https:\/\/shop.aeltesteweinrebe.com\/produkte\/weine\/muscat-blanc\/#primaryimage\",\"url\":\"https:\/\/dev.shop.najstarejsatrta.si\/wp-content\/uploads\/2024\/12\/IMG_9633-scaled-e1734002734609.jpg\",\"contentUrl\":\"https:\/\/dev.shop.najstarejsatrta.si\/wp-content\/uploads\/2024\/12\/IMG_9633-scaled-e1734002734609.jpg\",\"width\":1707,\"height\":2560},{\"@type\":\"BreadcrumbList\",\"@id\":\"https:\/\/shop.aeltesteweinrebe.com\/produkte\/weine\/muscat-blanc\/#breadcrumb\",\"itemListElement\":[{\"@type\":\"ListItem\",\"position\":1,\"name\":\"Domov\",\"item\":\"https:\/\/shop.aeltesteweinrebe.com\/\"},{\"@type\":\"ListItem\",\"position\":2,\"name\":\"Shop\",\"item\":\"https:\/\/dev.shop.najstarejsatrta.si\/trgovina\/\"},{\"@type\":\"ListItem\",\"position\":3,\"name\":\"Muscat Blanc\"}]},{\"@type\":\"WebSite\",\"@id\":\"https:\/\/dev.shop.najstarejsatrta.si\/#website\",\"url\":\"https:\/\/dev.shop.najstarejsatrta.si\/\",\"name\":\"Najstarej\u0161a trta\",\"description\":\"\",\"publisher\":{\"@id\":\"https:\/\/dev.shop.najstarejsatrta.si\/#organization\"},\"potentialAction\":[{\"@type\":\"SearchAction\",\"target\":{\"@type\":\"EntryPoint\",\"urlTemplate\":\"https:\/\/dev.shop.najstarejsatrta.si\/?s={search_term_string}\"},\"query-input\":{\"@type\":\"PropertyValueSpecification\",\"valueRequired\":true,\"valueName\":\"search_term_string\"}}],\"inLanguage\":\"de\"},{\"@type\":\"Organization\",\"@id\":\"https:\/\/dev.shop.najstarejsatrta.si\/#organization\",\"name\":\"Shop - Najstarej\u0161a trta\",\"url\":\"https:\/\/dev.shop.najstarejsatrta.si\/\",\"logo\":{\"@type\":\"ImageObject\",\"inLanguage\":\"de\",\"@id\":\"https:\/\/dev.shop.najstarejsatrta.si\/#\/schema\/logo\/image\/\",\"url\":\"https:\/\/dev.shop.najstarejsatrta.si\/wp-content\/uploads\/2024\/11\/logo-najstarejsa-trta-crn.png\",\"contentUrl\":\"https:\/\/dev.shop.najstarejsatrta.si\/wp-content\/uploads\/2024\/11\/logo-najstarejsa-trta-crn.png\",\"width\":446,\"height\":374,\"caption\":\"Shop - Najstarej\u0161a trta\"},\"image\":{\"@id\":\"https:\/\/dev.shop.najstarejsatrta.si\/#\/schema\/logo\/image\/\"},\"sameAs\":[\"https:\/\/www.facebook.com\/WorldsOldestVine\",\"https:\/\/www.instagram.com\/najstarejsatrta\/\"]}]}<\/script>\n<!-- \/ Yoast SEO plugin. -->","yoast_head_json":{"title":"Muscat Blanc - Die \u00e4lteste Rebe","robots":{"index":"noindex","follow":"follow","max-snippet":"max-snippet:-1","max-image-preview":"max-image-preview:large","max-video-preview":"max-video-preview:-1"},"og_locale":"de_DE","og_type":"article","og_title":"Muscat Blanc - Die \u00e4lteste Rebe","og_description":"Es ist ein ausgezeichnetes Wein mit einem reichen und vollen Geschmack sowie einer angenehmen Bl\u00fctennote. Seine Frische wird durch eine angenehme S\u00e4ure gew\u00e4hrleistet.","og_url":"https:\/\/shop.aeltesteweinrebe.com\/produkte\/weine\/muscat-blanc\/","og_site_name":"Die \u00e4lteste Rebe","article_publisher":"https:\/\/www.facebook.com\/WorldsOldestVine","og_image":[{"width":1707,"height":2560,"url":"https:\/\/dev.shop.najstarejsatrta.si\/wp-content\/uploads\/2024\/12\/IMG_9633-scaled-e1734002734609.jpg","type":"image\/jpeg"}],"twitter_card":"summary_large_image","schema":{"@context":"https:\/\/schema.org","@graph":[{"@type":"WebPage","@id":"https:\/\/shop.aeltesteweinrebe.com\/produkte\/weine\/muscat-blanc\/","url":"https:\/\/shop.aeltesteweinrebe.com\/produkte\/weine\/muscat-blanc\/","name":"Muscat Blanc - Die \u00e4lteste Rebe","isPartOf":{"@id":"https:\/\/dev.shop.najstarejsatrta.si\/#website"},"primaryImageOfPage":{"@id":"https:\/\/shop.aeltesteweinrebe.com\/produkte\/weine\/muscat-blanc\/#primaryimage"},"image":{"@id":"https:\/\/shop.aeltesteweinrebe.com\/produkte\/weine\/muscat-blanc\/#primaryimage"},"thumbnailUrl":"https:\/\/dev.shop.najstarejsatrta.si\/wp-content\/uploads\/2024\/12\/IMG_9633-scaled-e1734002734609.jpg","datePublished":"2024-12-12T11:25:47+00:00","dateModified":"2024-12-12T11:25:47+00:00","breadcrumb":{"@id":"https:\/\/shop.aeltesteweinrebe.com\/produkte\/weine\/muscat-blanc\/#breadcrumb"},"inLanguage":"de","potentialAction":[{"@type":"ReadAction","target":["https:\/\/shop.aeltesteweinrebe.com\/produkte\/weine\/muscat-blanc\/"]}]},{"@type":"ImageObject","inLanguage":"de","@id":"https:\/\/shop.aeltesteweinrebe.com\/produkte\/weine\/muscat-blanc\/#primaryimage","url":"https:\/\/dev.shop.najstarejsatrta.si\/wp-content\/uploads\/2024\/12\/IMG_9633-scaled-e1734002734609.jpg","contentUrl":"https:\/\/dev.shop.najstarejsatrta.si\/wp-content\/uploads\/2024\/12\/IMG_9633-scaled-e1734002734609.jpg","width":1707,"height":2560},{"@type":"BreadcrumbList","@id":"https:\/\/shop.aeltesteweinrebe.com\/produkte\/weine\/muscat-blanc\/#breadcrumb","itemListElement":[{"@type":"ListItem","position":1,"name":"Domov","item":"https:\/\/shop.aeltesteweinrebe.com\/"},{"@type":"ListItem","position":2,"name":"Shop","item":"https:\/\/dev.shop.najstarejsatrta.si\/trgovina\/"},{"@type":"ListItem","position":3,"name":"Muscat Blanc"}]},{"@type":"WebSite","@id":"https:\/\/dev.shop.najstarejsatrta.si\/#website","url":"https:\/\/dev.shop.najstarejsatrta.si\/","name":"Najstarej\u0161a trta","description":"","publisher":{"@id":"https:\/\/dev.shop.najstarejsatrta.si\/#organization"},"potentialAction":[{"@type":"SearchAction","target":{"@type":"EntryPoint","urlTemplate":"https:\/\/dev.shop.najstarejsatrta.si\/?s={search_term_string}"},"query-input":{"@type":"PropertyValueSpecification","valueRequired":true,"valueName":"search_term_string"}}],"inLanguage":"de"},{"@type":"Organization","@id":"https:\/\/dev.shop.najstarejsatrta.si\/#organization","name":"Shop - Najstarej\u0161a trta","url":"https:\/\/dev.shop.najstarejsatrta.si\/","logo":{"@type":"ImageObject","inLanguage":"de","@id":"https:\/\/dev.shop.najstarejsatrta.si\/#\/schema\/logo\/image\/","url":"https:\/\/dev.shop.najstarejsatrta.si\/wp-content\/uploads\/2024\/11\/logo-najstarejsa-trta-crn.png","contentUrl":"https:\/\/dev.shop.najstarejsatrta.si\/wp-content\/uploads\/2024\/11\/logo-najstarejsa-trta-crn.png","width":446,"height":374,"caption":"Shop - Najstarej\u0161a trta"},"image":{"@id":"https:\/\/dev.shop.najstarejsatrta.si\/#\/schema\/logo\/image\/"},"sameAs":["https:\/\/www.facebook.com\/WorldsOldestVine","https:\/\/www.instagram.com\/najstarejsatrta\/"]}]}},"_links":{"self":[{"href":"https:\/\/dev.shop.najstarejsatrta.si\/de\/wp-json\/wp\/v2\/product\/9944","targetHints":{"allow":["GET"]}}],"collection":[{"href":"https:\/\/dev.shop.najstarejsatrta.si\/de\/wp-json\/wp\/v2\/product"}],"about":[{"href":"https:\/\/dev.shop.najstarejsatrta.si\/de\/wp-json\/wp\/v2\/types\/product"}],"replies":[{"embeddable":true,"href":"https:\/\/dev.shop.najstarejsatrta.si\/de\/wp-json\/wp\/v2\/comments?post=9944"}],"wp:featuredmedia":[{"embeddable":true,"href":"https:\/\/dev.shop.najstarejsatrta.si\/de\/wp-json\/wp\/v2\/media\/9642"}],"wp:attachment":[{"href":"https:\/\/dev.shop.najstarejsatrta.si\/de\/wp-json\/wp\/v2\/media?parent=9944"}],"wp:term":[{"taxonomy":"product_brand","embeddable":true,"href":"https:\/\/dev.shop.najstarejsatrta.si\/de\/wp-json\/wp\/v2\/product_brand?post=9944"},{"taxonomy":"product_cat","embeddable":true,"href":"https:\/\/dev.shop.najstarejsatrta.si\/de\/wp-json\/wp\/v2\/product_cat?post=9944"},{"taxonomy":"product_tag","embeddable":true,"href":"https:\/\/dev.shop.najstarejsatrta.si\/de\/wp-json\/wp\/v2\/product_tag?post=9944"}],"curies":[{"name":"wp","href":"https:\/\/api.w.org\/{rel}","templated":true}]}}